{"id":31415,"date":"2025-08-30T08:22:39","date_gmt":"2025-08-30T08:22:39","guid":{"rendered":"https:\/\/screen-stocks.com\/?post_type=product&#038;p=31415"},"modified":"2026-01-04T17:30:14","modified_gmt":"2026-01-04T17:30:14","slug":"wholesale-xiaomi-mi-10-mi-10-pro-5g-display-90hz-lcd-digitizer-specs","status":"publish","type":"product","link":"https:\/\/screen-stocks.com\/pt\/wholesale-xiaomi-mi-10-mi-10-pro-5g-display-90hz-lcd-digitizer-specs\/","title":{"rendered":"Vendas por grosso de ecr\u00e3s Xiaomi Mi 10 \/ Mi 10 Pro 5G: LCD de 90Hz e Digitizer Especifica\u00e7\u00f5es"},"content":{"rendered":"<p>O nosso conjunto de ecr\u00e3 de substitui\u00e7\u00e3o grossista para o Xiaomi Mi 10 5G e Mi 10 Pro 5G oferece uma precis\u00e3o t\u00e9cnica incompar\u00e1vel para o seu invent\u00e1rio. Projetado para atender a especifica\u00e7\u00f5es exatas, cada unidade garante um desempenho ideal id\u00eantico ao equipamento original.<\/p>\n<p>Cada conjunto apresenta a precisa <strong>1080 x 2340 pixels<\/strong>, proporcionando uma fidelidade visual n\u00edtida para uma experi\u00eancia de utilizador imersiva. Essencialmente, estes ecr\u00e3s mant\u00eam a robusta <strong>90Hz<\/strong>, meticulosamente projetada para corresponder \u00e0 capacidade de resposta fluida e transi\u00e7\u00f5es suaves do dispositivo original, essencial para aplica\u00e7\u00f5es e jogos de alta demanda. A precis\u00e3o das cores \u00e9 fundamental, com os nossos conjuntos a fornecerem uma ampla gama de cores que reproduz tons vibrantes e contrastes profundos, fornecendo suporte total para o <strong>padr\u00e3o DCI-P3<\/strong>.<\/p>\n<p>Integrado com um <strong>IC de toque<\/strong>, de alta fidelidade, estes conjuntos de digitalizador garantem uma capacidade de resposta e precis\u00e3o ao toque excecionais, fornecendo entrada do utilizador instant\u00e2nea e precisa em toda a superf\u00edcie do ecr\u00e3. Este componente cr\u00edtico garante uma intera\u00e7\u00e3o perfeita e sem atrasos, espelhando os padr\u00f5es de desempenho do equipamento original.<\/p>\n<p>Projetados para desempenho e fiabilidade rigorosos, os nossos <strong>Conjuntos de LCD e Digitalizador Xiaomi Mi 10 5G \/ Mi 10 Pro 5G<\/strong> s\u00e3o rigorosamente testados para atender a padr\u00f5es de qualidade exigentes. Fa\u00e7a parceria connosco para uma solu\u00e7\u00e3o de cadeia de fornecimento fi\u00e1vel que mant\u00e9m a integridade do ecr\u00e3 e a experi\u00eancia do utilizador que os seus clientes esperam, garantindo satisfa\u00e7\u00e3o consistente e minimizando as taxas de devolu\u00e7\u00e3o para o seu neg\u00f3cio.<\/p>","protected":false},"excerpt":{"rendered":"<p>Repara\u00e7\u00f5es de ecr\u00e3s por grosso Xiaomi Mi 10\/10 Pro 5G de alta qualidade. Caracter\u00edsticas resolu\u00e7\u00e3o 1080x2340, atualiza\u00e7\u00e3o de 90Hz, cor DCI-P3 e IC de toque de alta fidelidade. Ofertas em massa.<\/p>","protected":false},"featured_media":29193,"comment_status":"open","ping_status":"closed","template":"","meta":[],"product_brand":[],"product_cat":[225],"product_tag":[1199,1200,1197,1198,1196],"class_list":{"0":"post-31415","1":"product","2":"type-product","3":"status-publish","4":"has-post-thumbnail","6":"product_cat-xiaomi-screen","7":"product_tag-90hz-xiaomi-mi-10-screen","8":"product_tag-dci-p3-mi-10-display","9":"product_tag-mi-10-pro-5g-lcd-assembly","10":"product_tag-wholesale-phone-display","11":"product_tag-xiaomi-mi-10-5g-screen-wholesale","13":"first","14":"instock","15":"shipping-taxable","16":"product-type-simple"},"_links":{"self":[{"href":"https:\/\/screen-stocks.com\/pt\/wp-json\/wp\/v2\/product\/31415","targetHints":{"allow":["GET"]}}],"collection":[{"href":"https:\/\/screen-stocks.com\/pt\/wp-json\/wp\/v2\/product"}],"about":[{"href":"https:\/\/screen-stocks.com\/pt\/wp-json\/wp\/v2\/types\/product"}],"replies":[{"embeddable":true,"href":"https:\/\/screen-stocks.com\/pt\/wp-json\/wp\/v2\/comments?post=31415"}],"version-history":[{"count":1,"href":"https:\/\/screen-stocks.com\/pt\/wp-json\/wp\/v2\/product\/31415\/revisions"}],"predecessor-version":[{"id":34808,"href":"https:\/\/screen-stocks.com\/pt\/wp-json\/wp\/v2\/product\/31415\/revisions\/34808"}],"wp:featuredmedia":[{"embeddable":true,"href":"https:\/\/screen-stocks.com\/pt\/wp-json\/wp\/v2\/media\/29193"}],"wp:attachment":[{"href":"https:\/\/screen-stocks.com\/pt\/wp-json\/wp\/v2\/media?parent=31415"}],"wp:term":[{"taxonomy":"product_brand","embeddable":true,"href":"https:\/\/screen-stocks.com\/pt\/wp-json\/wp\/v2\/product_brand?post=31415"},{"taxonomy":"product_cat","embeddable":true,"href":"https:\/\/screen-stocks.com\/pt\/wp-json\/wp\/v2\/product_cat?post=31415"},{"taxonomy":"product_tag","embeddable":true,"href":"https:\/\/screen-stocks.com\/pt\/wp-json\/wp\/v2\/product_tag?post=31415"}],"curies":[{"name":"wp","href":"https:\/\/api.w.org\/{rel}","templated":true}]}}