{"id":31417,"date":"2025-08-30T08:22:39","date_gmt":"2025-08-30T08:22:39","guid":{"rendered":"https:\/\/screen-stocks.com\/?post_type=product&#038;p=31417"},"modified":"2025-12-24T04:30:13","modified_gmt":"2025-12-24T04:30:13","slug":"wholesale-xiaomi-mi-10s-lcd-digitizer-assembly-for-repair-shops","status":"publish","type":"product","link":"https:\/\/screen-stocks.com\/pt\/wholesale-xiaomi-mi-10s-lcd-digitizer-assembly-for-repair-shops\/","title":{"rendered":"Conjunto de Digitizador LCD de Atacado Xiaomi Mi 10S para Oficinas de Repara\u00e7\u00e3o"},"content":{"rendered":"<p>Eleve a rentabilidade da sua oficina de repara\u00e7\u00f5es com o nosso produto premium <strong>Substitui\u00e7\u00e3o de Tela do Xiaomi Mi 10S<\/strong> \u2013 um conjunto completo de LCD e Digitizador projetado especificamente para parceiros de atacado. Compreendemos que tempo \u00e9 dinheiro na ind\u00fastria de repara\u00e7\u00f5es. \u00c9 por isso que os nossos conjuntos s\u00e3o concebidos para uma instala\u00e7\u00e3o r\u00e1pida e sem complica\u00e7\u00f5es, permitindo que os seus t\u00e9cnicos concluam mais repara\u00e7\u00f5es diariamente e aumentem significativamente o seu lucro.<\/p>\n<p>Cada unidade apresenta <strong>encaixe perfeito na moldura<\/strong> e vem pr\u00e9-montada, reduzindo drasticamente o tempo de bancada e poss\u00edveis erros de instala\u00e7\u00e3o. Esta engenharia de precis\u00e3o significa menos retrabalho, tempos de resposta mais r\u00e1pidos e, em \u00faltima an\u00e1lise, maior efici\u00eancia para o seu neg\u00f3cio. Para al\u00e9m das poupan\u00e7as operacionais, a clareza visual superior e a resposta t\u00e1til dos nossos ecr\u00e3s garantem alta <strong>satisfa\u00e7\u00e3o do cliente<\/strong>, levando a neg\u00f3cios repetidos e refer\u00eancias valiosas.<\/p>\n<p>Invista numa solu\u00e7\u00e3o que n\u00e3o s\u00f3 restaura a funcionalidade do dispositivo, mas tamb\u00e9m melhora a reputa\u00e7\u00e3o da sua loja e a sa\u00fade financeira. A nossa oferta de atacado fornece um fornecimento consistente de componentes de alta qualidade a pre\u00e7os competitivos, capacitando-o a oferecer um servi\u00e7o excecional enquanto maximiza as suas margens de lucro em cada repara\u00e7\u00e3o do Xiaomi Mi 10S.<\/p>","protected":false},"excerpt":{"rendered":"<p>Aumente os lucros da sua oficina de repara\u00e7\u00e3o com o nosso conjunto de LCD e Digitizador de Atacado Xiaomi Mi 10S. Instala\u00e7\u00e3o f\u00e1cil, encaixe perfeito e satisfa\u00e7\u00e3o do cliente garantida.<\/p>","protected":false},"featured_media":29211,"comment_status":"open","ping_status":"closed","template":"","meta":[],"product_brand":[],"product_cat":[225],"product_tag":[1057,1058,1039,1059,1056],"class_list":{"0":"post-31417","1":"product","2":"type-product","3":"status-publish","4":"has-post-thumbnail","6":"product_cat-xiaomi-screen","7":"product_tag-mi-10s-lcd-digitizer-bulk","8":"product_tag-mobile-screen-replacement-b2b","9":"product_tag-phone-repair-parts-supply","10":"product_tag-wholesale-screen-assembly","11":"product_tag-xiaomi-mi-10s-screen-wholesale","13":"first","14":"instock","15":"shipping-taxable","16":"product-type-simple"},"_links":{"self":[{"href":"https:\/\/screen-stocks.com\/pt\/wp-json\/wp\/v2\/product\/31417","targetHints":{"allow":["GET"]}}],"collection":[{"href":"https:\/\/screen-stocks.com\/pt\/wp-json\/wp\/v2\/product"}],"about":[{"href":"https:\/\/screen-stocks.com\/pt\/wp-json\/wp\/v2\/types\/product"}],"replies":[{"embeddable":true,"href":"https:\/\/screen-stocks.com\/pt\/wp-json\/wp\/v2\/comments?post=31417"}],"version-history":[{"count":1,"href":"https:\/\/screen-stocks.com\/pt\/wp-json\/wp\/v2\/product\/31417\/revisions"}],"predecessor-version":[{"id":34740,"href":"https:\/\/screen-stocks.com\/pt\/wp-json\/wp\/v2\/product\/31417\/revisions\/34740"}],"wp:featuredmedia":[{"embeddable":true,"href":"https:\/\/screen-stocks.com\/pt\/wp-json\/wp\/v2\/media\/29211"}],"wp:attachment":[{"href":"https:\/\/screen-stocks.com\/pt\/wp-json\/wp\/v2\/media?parent=31417"}],"wp:term":[{"taxonomy":"product_brand","embeddable":true,"href":"https:\/\/screen-stocks.com\/pt\/wp-json\/wp\/v2\/product_brand?post=31417"},{"taxonomy":"product_cat","embeddable":true,"href":"https:\/\/screen-stocks.com\/pt\/wp-json\/wp\/v2\/product_cat?post=31417"},{"taxonomy":"product_tag","embeddable":true,"href":"https:\/\/screen-stocks.com\/pt\/wp-json\/wp\/v2\/product_tag?post=31417"}],"curies":[{"name":"wp","href":"https:\/\/api.w.org\/{rel}","templated":true}]}}