{"id":31423,"date":"2025-08-30T08:22:41","date_gmt":"2025-08-30T08:22:41","guid":{"rendered":"https:\/\/screen-stocks.com\/?post_type=product&#038;p=31423"},"modified":"2025-12-25T01:30:28","modified_gmt":"2025-12-25T01:30:28","slug":"premium-xiaomi-mi-11-lite-lcd-digitizer-assembly-wholesale-zero-dead-pixels","status":"publish","type":"product","link":"https:\/\/screen-stocks.com\/pt\/premium-xiaomi-mi-11-lite-lcd-digitizer-assembly-wholesale-zero-dead-pixels\/","title":{"rendered":"Conjunto de LCD e Digitizador Premium Xiaomi Mi 11 Lite Atacado \u2013 Pixels Mortos Zero"},"content":{"rendered":"<p>Para empresas que procuram qualidade intransigente em pe\u00e7as de substitui\u00e7\u00e3o, o nosso <strong>Substitui\u00e7\u00e3o de Tela Xiaomi Mi 11 Lite<\/strong> oferece o auge da fiabilidade direta de f\u00e1brica. Como seu parceiro grossista dedicado, eliminamos intermedi\u00e1rios, proporcionando-lhe um Conjunto de LCD e Digitizador meticulosamente fabricado e rigorosamente inspecionado em cada etapa da produ\u00e7\u00e3o.<\/p>\n<p>O nosso compromisso com a excel\u00eancia come\u00e7a com um protocolo de controlo de qualidade multif\u00e1sico e rigoroso. Cada <strong>Conjunto de LCD e Digitizador do Mi 11 Lite<\/strong> passa por testes funcionais exaustivos, garantindo uma resposta ao toque perfeita, precis\u00e3o de cor consistente e n\u00edveis de brilho \u00f3timos. Uma pedra angular da nossa promessa direta de f\u00e1brica \u00e9 a nossa garantia absoluta de <strong>Zero Pixels Mortos<\/strong>. Cada ecr\u00e3 \u00e9 individualmente inspecionado em condi\u00e7\u00f5es precisas para confirmar a integridade visual impec\u00e1vel, oferecendo uma experi\u00eancia de utilizador premium que aumenta a satisfa\u00e7\u00e3o do seu cliente e minimiza devolu\u00e7\u00f5es dispendiosas.<\/p>\n<p>Para al\u00e9m da funcionalidade inicial, priorizamos a durabilidade a longo prazo. Os nossos componentes s\u00e3o selecionados pela sua constru\u00e7\u00e3o robusta, concebidos para resistir ao uso di\u00e1rio e fornecer desempenho fi\u00e1vel durante per\u00edodos prolongados. Ao escolher a nossa solu\u00e7\u00e3o grossista, investe num produto apoiado por um processo de fabrico obsessivo com precis\u00e3o e qualidade duradoura, diretamente da fonte. Eleve os seus servi\u00e7os de repara\u00e7\u00e3o com ecr\u00e3s que funcionam perfeitamente desde a instala\u00e7\u00e3o at\u00e9 ao uso prolongado, consolidando a sua reputa\u00e7\u00e3o por repara\u00e7\u00f5es superiores.<\/p>","protected":false},"excerpt":{"rendered":"<p>Obtenha substitui\u00e7\u00f5es de ecr\u00e3s Xiaomi Mi 11 Lite por atacado diretamente da nossa f\u00e1brica. Garantido Pixels Mortos Zero e controlo de qualidade rigoroso que assegura durabilidade e desempenho superiores.<\/p>","protected":false},"featured_media":29263,"comment_status":"open","ping_status":"closed","template":"","meta":[],"product_brand":[],"product_cat":[225],"product_tag":[527,1077,1078,1076,469],"class_list":{"0":"post-31423","1":"product","2":"type-product","3":"status-publish","4":"has-post-thumbnail","6":"product_cat-xiaomi-screen","7":"product_tag-factory-direct-screen-replacement","8":"product_tag-mi-11-lite-lcd-digitizer","9":"product_tag-mobile-screen-bulk-supplier","10":"product_tag-xiaomi-mi-11-lite-screen-wholesale","11":"product_tag-zero-dead-pixel-display","13":"first","14":"instock","15":"shipping-taxable","16":"product-type-simple"},"_links":{"self":[{"href":"https:\/\/screen-stocks.com\/pt\/wp-json\/wp\/v2\/product\/31423","targetHints":{"allow":["GET"]}}],"collection":[{"href":"https:\/\/screen-stocks.com\/pt\/wp-json\/wp\/v2\/product"}],"about":[{"href":"https:\/\/screen-stocks.com\/pt\/wp-json\/wp\/v2\/types\/product"}],"replies":[{"embeddable":true,"href":"https:\/\/screen-stocks.com\/pt\/wp-json\/wp\/v2\/comments?post=31423"}],"version-history":[{"count":1,"href":"https:\/\/screen-stocks.com\/pt\/wp-json\/wp\/v2\/product\/31423\/revisions"}],"predecessor-version":[{"id":34746,"href":"https:\/\/screen-stocks.com\/pt\/wp-json\/wp\/v2\/product\/31423\/revisions\/34746"}],"wp:featuredmedia":[{"embeddable":true,"href":"https:\/\/screen-stocks.com\/pt\/wp-json\/wp\/v2\/media\/29263"}],"wp:attachment":[{"href":"https:\/\/screen-stocks.com\/pt\/wp-json\/wp\/v2\/media?parent=31423"}],"wp:term":[{"taxonomy":"product_brand","embeddable":true,"href":"https:\/\/screen-stocks.com\/pt\/wp-json\/wp\/v2\/product_brand?post=31423"},{"taxonomy":"product_cat","embeddable":true,"href":"https:\/\/screen-stocks.com\/pt\/wp-json\/wp\/v2\/product_cat?post=31423"},{"taxonomy":"product_tag","embeddable":true,"href":"https:\/\/screen-stocks.com\/pt\/wp-json\/wp\/v2\/product_tag?post=31423"}],"curies":[{"name":"wp","href":"https:\/\/api.w.org\/{rel}","templated":true}]}}