{"id":31431,"date":"2025-08-30T08:22:42","date_gmt":"2025-08-30T08:22:42","guid":{"rendered":"https:\/\/screen-stocks.com\/?post_type=product&#038;p=31431"},"modified":"2025-12-18T00:31:37","modified_gmt":"2025-12-18T00:31:37","slug":"wholesale-xiaomi-mi-9-lite-mi-cc9-screen-zero-dead-pixel-quality","status":"publish","type":"product","link":"https:\/\/screen-stocks.com\/pt\/wholesale-xiaomi-mi-9-lite-mi-cc9-screen-zero-dead-pixel-quality\/","title":{"rendered":"Tela Grossista Xiaomi Mi 9 Lite\/Mi CC9 \u2013 Qualidade Zero Pixels Mortos"},"content":{"rendered":"<p>Eleve o seu neg\u00f3cio de repara\u00e7\u00e3o com o nosso produto premium <strong>Substitui\u00e7\u00e3o de Tela Xiaomi Mi 9 Lite \/ Mi CC9 \u2013 Conjunto de LCD e Digitador (Venda por grosso)<\/strong>. Proveniente diretamente da nossa instala\u00e7\u00e3o de fabrica\u00e7\u00e3o de \u00faltima gera\u00e7\u00e3o, estas unidades s\u00e3o projetadas para atender aos mais elevados padr\u00f5es da ind\u00fastria, garantindo compatibilidade perfeita e desempenho \u00f3timo para os seus clientes.<\/p>\n<p>O nosso compromisso com a excel\u00eancia come\u00e7a com uma qualidade inigual\u00e1vel <strong>Controlo de Qualidade Direto de F\u00e1brica<\/strong>. Cada tela passa por um protocolo de testes abrangente e em v\u00e1rias fases antes de sair da nossa instala\u00e7\u00e3o. Este processo rigoroso inclui verifica\u00e7\u00f5es exaustivas de resposta ao toque, calibra\u00e7\u00e3o de cores precisa, brilho uniforme e integridade do retroiluminado. Fundamentalmente, mantemos uma garantia rigorosa de <strong>Zero Pixels Mortos<\/strong> em todo o nosso invent\u00e1rio, eliminando problemas comuns que levam a devolu\u00e7\u00f5es dispendiosas e insatisfa\u00e7\u00e3o do cliente.<\/p>\n<p>Compreendemos que a fiabilidade \u00e9 fundamental na ind\u00fastria de repara\u00e7\u00f5es. Por isso, os nossos conjuntos s\u00e3o submetidos a testes avan\u00e7ados de durabilidade, simulando o uso real para garantir longevidade e desempenho robusto. Parceria connosco significa investir em componentes de alta qualidade de forma consistente, apoiados por processos de fabrica\u00e7\u00e3o transparentes e uma dedica\u00e7\u00e3o inabal\u00e1vel \u00e0 integridade do produto. Confie nas nossas solu\u00e7\u00f5es por grosso para refor\u00e7ar a sua reputa\u00e7\u00e3o de qualidade e efici\u00eancia.<\/p>","protected":false},"excerpt":{"rendered":"<p>Substitui\u00e7\u00f5es de tela Xiaomi Mi 9 Lite \/ Mi CC9 por atacado com qualidade direta da f\u00e1brica. Rigorosamente testadas, garantido Zero Pixels Mortos e maior durabilidade para parceiros B2B.<\/p>","protected":false},"featured_media":29365,"comment_status":"open","ping_status":"closed","template":"","meta":[],"product_brand":[],"product_cat":[225],"product_tag":[527,905,429,904,490],"class_list":{"0":"post-31431","1":"product","2":"type-product","3":"status-publish","4":"has-post-thumbnail","6":"product_cat-xiaomi-screen","7":"product_tag-factory-direct-screen-replacement","8":"product_tag-mi-cc9-lcd-digitizer-bulk","9":"product_tag-mobile-phone-parts-wholesale","10":"product_tag-xiaomi-mi-9-lite-screen-wholesale","11":"product_tag-zero-dead-pixel-screens","13":"first","14":"instock","15":"shipping-taxable","16":"product-type-simple"},"_links":{"self":[{"href":"https:\/\/screen-stocks.com\/pt\/wp-json\/wp\/v2\/product\/31431","targetHints":{"allow":["GET"]}}],"collection":[{"href":"https:\/\/screen-stocks.com\/pt\/wp-json\/wp\/v2\/product"}],"about":[{"href":"https:\/\/screen-stocks.com\/pt\/wp-json\/wp\/v2\/types\/product"}],"replies":[{"embeddable":true,"href":"https:\/\/screen-stocks.com\/pt\/wp-json\/wp\/v2\/comments?post=31431"}],"version-history":[{"count":1,"href":"https:\/\/screen-stocks.com\/pt\/wp-json\/wp\/v2\/product\/31431\/revisions"}],"predecessor-version":[{"id":34681,"href":"https:\/\/screen-stocks.com\/pt\/wp-json\/wp\/v2\/product\/31431\/revisions\/34681"}],"wp:featuredmedia":[{"embeddable":true,"href":"https:\/\/screen-stocks.com\/pt\/wp-json\/wp\/v2\/media\/29365"}],"wp:attachment":[{"href":"https:\/\/screen-stocks.com\/pt\/wp-json\/wp\/v2\/media?parent=31431"}],"wp:term":[{"taxonomy":"product_brand","embeddable":true,"href":"https:\/\/screen-stocks.com\/pt\/wp-json\/wp\/v2\/product_brand?post=31431"},{"taxonomy":"product_cat","embeddable":true,"href":"https:\/\/screen-stocks.com\/pt\/wp-json\/wp\/v2\/product_cat?post=31431"},{"taxonomy":"product_tag","embeddable":true,"href":"https:\/\/screen-stocks.com\/pt\/wp-json\/wp\/v2\/product_tag?post=31431"}],"curies":[{"name":"wp","href":"https:\/\/api.w.org\/{rel}","templated":true}]}}