{"id":31433,"date":"2025-08-30T08:22:43","date_gmt":"2025-08-30T08:22:43","guid":{"rendered":"https:\/\/screen-stocks.com\/?post_type=product&#038;p=31433"},"modified":"2025-12-23T09:30:13","modified_gmt":"2025-12-23T09:30:13","slug":"premium-xiaomi-mi-a1-mi-5x-screen-replacement-wholesale-lcd-digitizer","status":"publish","type":"product","link":"https:\/\/screen-stocks.com\/pt\/premium-xiaomi-mi-a1-mi-5x-screen-replacement-wholesale-lcd-digitizer\/","title":{"rendered":"Substitui\u00e7\u00e3o de Tela Premium Xiaomi Mi A1 \/ Mi 5X Atacado \u2013 LCD &amp; Digitizador"},"content":{"rendered":"<p>Maximize a rentabilidade da sua oficina de repara\u00e7\u00f5es e eleve a reputa\u00e7\u00e3o do seu servi\u00e7o com o nosso produto premium <strong>Conjunto de LCD e Digitizador Xiaomi Mi A1 (Mi 5X)<\/strong>. Como parceiro B2B, compreendemos o papel cr\u00edtico que a efici\u00eancia desempenha nas suas opera\u00e7\u00f5es di\u00e1rias. As nossas substitui\u00e7\u00f5es de ecr\u00e3s por atacado s\u00e3o concebidas com o sucesso do seu neg\u00f3cio em mente.<\/p>\n<p>Estes conjuntos s\u00e3o projetados para uma integra\u00e7\u00e3o perfeita, apresentando uma <strong>encaixe perfeito do quadro<\/strong> que elimina problemas frustrantes de alinhamento e reduz significativamente a possibilidade de retrabalhos dispendiosos. Esta precis\u00e3o traduz-se diretamente numa <strong>instala\u00e7\u00e3o mais f\u00e1cil<\/strong>, permitindo que os seus t\u00e9cnicos concluam as repara\u00e7\u00f5es mais rapidamente e com maior consist\u00eancia. Ao poupar significativamente <strong>tempo de trabalho<\/strong> em cada repara\u00e7\u00e3o, pode aumentar o volume di\u00e1rio de repara\u00e7\u00f5es sem comprometer a qualidade ou precisar de mais pessoal, aumentando diretamente o seu lucro l\u00edquido.<\/p>\n<p>Para al\u00e9m da efici\u00eancia operacional, as nossas unidades de LCD e Digitizador de alta qualidade oferecem imagens n\u00edtidas e funcionalidade t\u00e1til responsiva, garantindo o m\u00e1ximo <strong>satisfa\u00e7\u00e3o do cliente<\/strong>. Uma repara\u00e7\u00e3o fi\u00e1vel e de alta qualidade significa clientes satisfeitos, avalia\u00e7\u00f5es positivas e refer\u00eancias boca-a-boca fortes \u2013 todas essenciais para um crescimento empresarial sustentado. Fa\u00e7a parceria connosco para um fornecimento consistente de componentes superiores que aumentam a rentabilidade da sua oficina e consolidam a sua reputa\u00e7\u00e3o de excel\u00eancia.<\/p>","protected":false},"excerpt":{"rendered":"<p>Aumente os lucros da sua loja de repara\u00e7\u00f5es com o nosso conjunto de LCD &amp; Digitizador por atacado para Xiaomi Mi A1 (Mi 5X). Instala\u00e7\u00e3o f\u00e1cil, ajuste perfeito, poupa tempo de m\u00e3o-de-obra, garante satisfa\u00e7\u00e3o do cliente.<\/p>","protected":false},"featured_media":29394,"comment_status":"open","ping_status":"closed","template":"","meta":[],"product_brand":[],"product_cat":[225],"product_tag":[758,1038,1040,1039,1037],"class_list":{"0":"post-31433","1":"product","2":"type-product","3":"status-publish","4":"has-post-thumbnail","6":"product_cat-xiaomi-screen","7":"product_tag-digitizer-assembly-wholesale","8":"product_tag-mi-5x-lcd-replacement-bulk","9":"product_tag-mobile-screen-distributor","10":"product_tag-phone-repair-parts-supply","11":"product_tag-xiaomi-mi-a1-screen-wholesale","13":"first","14":"instock","15":"shipping-taxable","16":"product-type-simple"},"_links":{"self":[{"href":"https:\/\/screen-stocks.com\/pt\/wp-json\/wp\/v2\/product\/31433","targetHints":{"allow":["GET"]}}],"collection":[{"href":"https:\/\/screen-stocks.com\/pt\/wp-json\/wp\/v2\/product"}],"about":[{"href":"https:\/\/screen-stocks.com\/pt\/wp-json\/wp\/v2\/types\/product"}],"replies":[{"embeddable":true,"href":"https:\/\/screen-stocks.com\/pt\/wp-json\/wp\/v2\/comments?post=31433"}],"version-history":[{"count":1,"href":"https:\/\/screen-stocks.com\/pt\/wp-json\/wp\/v2\/product\/31433\/revisions"}],"predecessor-version":[{"id":34735,"href":"https:\/\/screen-stocks.com\/pt\/wp-json\/wp\/v2\/product\/31433\/revisions\/34735"}],"wp:featuredmedia":[{"embeddable":true,"href":"https:\/\/screen-stocks.com\/pt\/wp-json\/wp\/v2\/media\/29394"}],"wp:attachment":[{"href":"https:\/\/screen-stocks.com\/pt\/wp-json\/wp\/v2\/media?parent=31433"}],"wp:term":[{"taxonomy":"product_brand","embeddable":true,"href":"https:\/\/screen-stocks.com\/pt\/wp-json\/wp\/v2\/product_brand?post=31433"},{"taxonomy":"product_cat","embeddable":true,"href":"https:\/\/screen-stocks.com\/pt\/wp-json\/wp\/v2\/product_cat?post=31433"},{"taxonomy":"product_tag","embeddable":true,"href":"https:\/\/screen-stocks.com\/pt\/wp-json\/wp\/v2\/product_tag?post=31433"}],"curies":[{"name":"wp","href":"https:\/\/api.w.org\/{rel}","templated":true}]}}