{"id":32409,"date":"2025-09-02T02:01:21","date_gmt":"2025-09-02T02:01:21","guid":{"rendered":"https:\/\/screen-stocks.com\/?post_type=product&#038;p=32409"},"modified":"2025-12-30T00:30:13","modified_gmt":"2025-12-30T00:30:13","slug":"premium-ipad-mini-2-lcd-wholesale-factory-direct-quality-zero-dead-pixels","status":"publish","type":"product","link":"https:\/\/screen-stocks.com\/pt\/premium-ipad-mini-2-lcd-wholesale-factory-direct-quality-zero-dead-pixels\/","title":{"rendered":"LCD de alta qualidade para iPad mini 2 Atacado: Qualidade Direta de F\u00e1brica e Zero Pixels Mortos"},"content":{"rendered":"<p>Como fornecedor grossista l\u00edder em componentes de telem\u00f3veis e tablets, temos orgulho em oferecer as nossas pe\u00e7as premium <strong>LCD do iPad mini 2<\/strong> substitui\u00e7\u00f5es. Provenientes diretamente da nossa instala\u00e7\u00e3o de fabrica\u00e7\u00e3o de \u00faltima gera\u00e7\u00e3o, estes LCDs representam o nosso compromisso com qualidade e fiabilidade incompar\u00e1veis, proporcionando o desempenho de exibi\u00e7\u00e3o perfeito que os seus clientes esperam.<\/p>\n<p>A nossa abordagem distintiva \u201c<strong>Pre\u00e7os Diretos de F\u00e1brica<\/strong>\u201d garante que cada <strong>LCD do iPad mini 2<\/strong> passa por uma rigorosa, <strong>controle de qualidade em m\u00faltiplas etapas<\/strong> processo. Desde a inspe\u00e7\u00e3o de mat\u00e9rias-primas at\u00e9 aos testes finais de funcionamento, cada unidade \u00e9 cuidadosamente avaliada pelos nossos t\u00e9cnicos especializados. Seguimos estritamente um padr\u00e3o l\u00edder na ind\u00fastria de <strong>Zero Pixels Mortos<\/strong>, garantindo uma experi\u00eancia visual impec\u00e1vel logo ao sair da caixa. Este rigoroso processo interno de verifica\u00e7\u00e3o elimina margens de lucro interm\u00e9dias e riscos, oferecendo-lhe componentes de qualidade superior de forma consistente e um valor excecional.<\/p>\n<p>Investir nos nossos LCDs do iPad mini 2 significa apostar na durabilidade comprovada e no desempenho consistente. As nossas telas s\u00e3o concebidas para cumprir e superar as especifica\u00e7\u00f5es OEM em termos de longevidade e resist\u00eancia, minimizando problemas p\u00f3s-instala\u00e7\u00e3o e maximizando a satisfa\u00e7\u00e3o do utilizador final. Fa\u00e7a parceria connosco para uma cadeia de fornecimento fi\u00e1vel, apoiada pela confian\u00e7a na qualidade controlada na f\u00e1brica.<\/p>","protected":false},"excerpt":{"rendered":"<p>Atacado de LCD de iPad mini 2 Direto da F\u00e1brica. Experimente controlo de qualidade rigoroso em m\u00faltiplas etapas, zero pixels mortos e durabilidade comprovada para substitui\u00e7\u00f5es confi\u00e1veis de ecr\u00e3s de tablets.<\/p>","protected":false},"featured_media":32183,"comment_status":"open","ping_status":"closed","template":"","meta":[],"product_brand":[],"product_cat":[20],"product_tag":[1126,1122,1123,1125,1124],"class_list":{"0":"post-32409","1":"product","2":"type-product","3":"status-publish","4":"has-post-thumbnail","6":"product_cat-accessories","7":"product_tag-apple-replacement-parts","8":"product_tag-ipad-mini-2-lcd-wholesale","9":"product_tag-ipad-mini-2-screen-factory","10":"product_tag-tablet-display-bulk","11":"product_tag-zero-dead-pixel-lcd","13":"first","14":"outofstock","15":"shipping-taxable","16":"product-type-simple"},"_links":{"self":[{"href":"https:\/\/screen-stocks.com\/pt\/wp-json\/wp\/v2\/product\/32409","targetHints":{"allow":["GET"]}}],"collection":[{"href":"https:\/\/screen-stocks.com\/pt\/wp-json\/wp\/v2\/product"}],"about":[{"href":"https:\/\/screen-stocks.com\/pt\/wp-json\/wp\/v2\/types\/product"}],"replies":[{"embeddable":true,"href":"https:\/\/screen-stocks.com\/pt\/wp-json\/wp\/v2\/comments?post=32409"}],"version-history":[{"count":1,"href":"https:\/\/screen-stocks.com\/pt\/wp-json\/wp\/v2\/product\/32409\/revisions"}],"predecessor-version":[{"id":34769,"href":"https:\/\/screen-stocks.com\/pt\/wp-json\/wp\/v2\/product\/32409\/revisions\/34769"}],"wp:featuredmedia":[{"embeddable":true,"href":"https:\/\/screen-stocks.com\/pt\/wp-json\/wp\/v2\/media\/32183"}],"wp:attachment":[{"href":"https:\/\/screen-stocks.com\/pt\/wp-json\/wp\/v2\/media?parent=32409"}],"wp:term":[{"taxonomy":"product_brand","embeddable":true,"href":"https:\/\/screen-stocks.com\/pt\/wp-json\/wp\/v2\/product_brand?post=32409"},{"taxonomy":"product_cat","embeddable":true,"href":"https:\/\/screen-stocks.com\/pt\/wp-json\/wp\/v2\/product_cat?post=32409"},{"taxonomy":"product_tag","embeddable":true,"href":"https:\/\/screen-stocks.com\/pt\/wp-json\/wp\/v2\/product_tag?post=32409"}],"curies":[{"name":"wp","href":"https:\/\/api.w.org\/{rel}","templated":true}]}}