{"id":32413,"date":"2025-09-02T02:01:22","date_gmt":"2025-09-02T02:01:22","guid":{"rendered":"https:\/\/screen-stocks.com\/?post_type=product&#038;p=32413"},"modified":"2026-02-18T00:53:45","modified_gmt":"2026-02-18T00:53:45","slug":"wholesale-ipad-mini-4-2015-tp-screen-optimal-resolution-responsive-touch","status":"publish","type":"product","link":"https:\/\/screen-stocks.com\/pt\/wholesale-ipad-mini-4-2015-tp-screen-optimal-resolution-responsive-touch\/","title":{"rendered":"Tela TP de iPad mini 4 2015 Atacado \u2013 Resolu\u00e7\u00e3o \u00d3ptima e Toque Responsivo"},"content":{"rendered":"<p>Como fornecedor l\u00edder B2B, especializamo-nos em ecr\u00e3s de substitui\u00e7\u00e3o de alta qualidade para o iPad mini 4 (2015 TP). Os nossos ecr\u00e3s s\u00e3o concebidos para cumprir crit\u00e9rios rigorosos de desempenho, garantindo que as suas opera\u00e7\u00f5es de repara\u00e7\u00e3o e renova\u00e7\u00e3o proporcionem uma satisfa\u00e7\u00e3o excecional ao cliente. Este foco na integridade t\u00e9cnica posiciona o nosso produto como a escolha superior para compradores profissionais que procuram componentes fi\u00e1veis.<\/p>\n<p>Experimente uma fidelidade visual incompar\u00e1vel com os nossos ecr\u00e3s do iPad mini 4, com a resolu\u00e7\u00e3o nativa <strong>Resolu\u00e7\u00e3o Retina de 2048 x 1536<\/strong> a 326 pixels por polegada (PPI). Isto garante textos extremamente n\u00edtidos e imagens vibrantes e detalhadas, replicando perfeitamente a experi\u00eancia do dispositivo original. Combinado com uma <strong>60Hz<\/strong>, os utilizadores ir\u00e3o desfrutar de uma navega\u00e7\u00e3o incrivelmente suave e intera\u00e7\u00f5es fluidas na tela, essenciais para uma experi\u00eancia de tablet premium.<\/p>\n<p>O nosso compromisso com a excel\u00eancia t\u00e9cnica estende-se \u00e0 reprodu\u00e7\u00e3o de cores. Cada ecr\u00e3 oferece uma impressionante <strong>sRGB<\/strong>, proporcionando cores precisas e fi\u00e9is \u00e0 vida para visualiza\u00e7\u00e3o de fotos, reprodu\u00e7\u00e3o de v\u00eddeos e aplica\u00e7\u00f5es gr\u00e1ficas intensivas. Al\u00e9m disso, o <strong>IC de Toque<\/strong> integrado oferece uma funcionalidade multi-toque altamente responsiva e precisa, imitando a sensibilidade ao toque original sem atrasos ou ghosting. Procedimentos rigorosos de calibra\u00e7\u00e3o e controlo de qualidade garantem um desempenho consistente em todas as unidades, reduzindo taxas de devolu\u00e7\u00e3o e aumentando a fiabilidade dos seus dispositivos renovados.<\/p>","protected":false},"excerpt":{"rendered":"<p>Fonte de telas TP de iPad mini 4 (2015) por atacado com resolu\u00e7\u00e3o Retina, taxa de atualiza\u00e7\u00e3o de 60Hz e toque preciso. Ideal para oficinas de repara\u00e7\u00e3o profissionais.<\/p>","protected":false},"featured_media":32229,"comment_status":"open","ping_status":"closed","template":"","meta":[],"product_brand":[],"product_cat":[20],"product_tag":[1566,1565,1564,1568,1567],"class_list":{"0":"post-32413","1":"product","2":"type-product","3":"status-publish","4":"has-post-thumbnail","6":"product_cat-accessories","7":"product_tag-a1538-a1550-lcd","8":"product_tag-ipad-mini-4-display-replacement","9":"product_tag-ipad-mini-4-screen-wholesale","10":"product_tag-retina-display-wholesale","11":"product_tag-tablet-screen-bulk","13":"first","14":"outofstock","15":"shipping-taxable","16":"product-type-simple"},"_links":{"self":[{"href":"https:\/\/screen-stocks.com\/pt\/wp-json\/wp\/v2\/product\/32413","targetHints":{"allow":["GET"]}}],"collection":[{"href":"https:\/\/screen-stocks.com\/pt\/wp-json\/wp\/v2\/product"}],"about":[{"href":"https:\/\/screen-stocks.com\/pt\/wp-json\/wp\/v2\/types\/product"}],"replies":[{"embeddable":true,"href":"https:\/\/screen-stocks.com\/pt\/wp-json\/wp\/v2\/comments?post=32413"}],"version-history":[{"count":1,"href":"https:\/\/screen-stocks.com\/pt\/wp-json\/wp\/v2\/product\/32413\/revisions"}],"predecessor-version":[{"id":35401,"href":"https:\/\/screen-stocks.com\/pt\/wp-json\/wp\/v2\/product\/32413\/revisions\/35401"}],"wp:featuredmedia":[{"embeddable":true,"href":"https:\/\/screen-stocks.com\/pt\/wp-json\/wp\/v2\/media\/32229"}],"wp:attachment":[{"href":"https:\/\/screen-stocks.com\/pt\/wp-json\/wp\/v2\/media?parent=32413"}],"wp:term":[{"taxonomy":"product_brand","embeddable":true,"href":"https:\/\/screen-stocks.com\/pt\/wp-json\/wp\/v2\/product_brand?post=32413"},{"taxonomy":"product_cat","embeddable":true,"href":"https:\/\/screen-stocks.com\/pt\/wp-json\/wp\/v2\/product_cat?post=32413"},{"taxonomy":"product_tag","embeddable":true,"href":"https:\/\/screen-stocks.com\/pt\/wp-json\/wp\/v2\/product_tag?post=32413"}],"curies":[{"name":"wp","href":"https:\/\/api.w.org\/{rel}","templated":true}]}}