{"id":32418,"date":"2025-09-02T02:01:23","date_gmt":"2025-09-02T02:01:23","guid":{"rendered":"https:\/\/screen-stocks.com\/?post_type=product&#038;p=32418"},"modified":"2026-02-27T01:53:15","modified_gmt":"2026-02-27T01:53:15","slug":"wholesale-ipad-pro-12-9-2020-tp-boost-profitability-repair-efficiency","status":"publish","type":"product","link":"https:\/\/screen-stocks.com\/pt\/wholesale-ipad-pro-12-9-2020-tp-boost-profitability-repair-efficiency\/","title":{"rendered":"Atacado iPad Pro 12.9 2020 TP: Aumente a Lucratividade e a Efici\u00eancia de Reparo"},"content":{"rendered":"<p>Para oficinas de repara\u00e7\u00e3o profissionais focadas em maximizar o fluxo de trabalho e a rentabilidade, o nosso <strong>iPad Pro 12.9 2020 TP<\/strong> foi concebido para oferecer um valor excecional. Compreendemos que tempo \u00e9 dinheiro na ind\u00fastria de repara\u00e7\u00e3o, por isso as nossas montagens de pain\u00e9is t\u00e1teis s\u00e3o fabricadas com meticuloso <strong>engenharia de precis\u00e3o<\/strong>, garantindo um componente perfeito em cada ocasi\u00e3o. Isto traduz-se diretamente em repara\u00e7\u00f5es mais r\u00e1pidas e numa margem de erro significativamente reduzida.<\/p>\n<p>O nosso compromisso com a qualidade significa que cada <strong>iPad Pro 12.9 2020 TP<\/strong> fornece um <strong>encaixe perfeito do quadro<\/strong>, eliminando os frustrantes problemas de alinhamento que podem afetar pe\u00e7as de qualidade inferior. Este design superior garante um <strong>facilidade de instala\u00e7\u00e3o<\/strong> que reduz drasticamente o tempo de repara\u00e7\u00e3o, permitindo aos seus t\u00e9cnicos completar mais trabalhos por dia. Ao minimizar retrabalhos e acelerar os prazos de entrega, a sua oficina pode alcan\u00e7ar substanciais <strong>economias nos custos de m\u00e3o-de-obra<\/strong> e melhorar a efici\u00eancia operacional global.<\/p>\n<p>Para al\u00e9m dos benef\u00edcios imediatos de velocidade e facilidade, a utiliza\u00e7\u00e3o das nossas pe\u00e7as premium impacta diretamente a sua base de clientes. Repara\u00e7\u00f5es conclu\u00eddas com os nossos componentes de alta qualidade resultam numa experi\u00eancia de toque suave e responsiva e num acabamento profissional, levando a uma maior <strong>satisfa\u00e7\u00e3o do cliente<\/strong>. Clientes satisfeitos s\u00e3o clientes fi\u00e9is, e eles s\u00e3o os seus melhores defensores para novos neg\u00f3cios. Invista nas nossas <strong>solu\u00e7\u00f5es por atacado<\/strong> para o iPad Pro 12.9 2020 TP e capacite a sua oficina de repara\u00e7\u00e3o a oferecer um servi\u00e7o superior, construir uma lealdade duradoura com os clientes e aumentar significativamente o seu lucro l\u00edquido.<\/p>","protected":false},"excerpt":{"rendered":"<p>Maximize a rentabilidade da sua loja de repara\u00e7\u00f5es com o nosso TP premium para iPad Pro 12.9 2020. Garanta uma instala\u00e7\u00e3o f\u00e1cil, ajuste perfeito e m\u00e1xima satisfa\u00e7\u00e3o do cliente.<\/p>","protected":false},"featured_media":32283,"comment_status":"open","ping_status":"closed","template":"","meta":[],"product_brand":[],"product_cat":[20],"product_tag":[1689,1688,1690,467,1175],"class_list":{"0":"post-32418","1":"product","2":"type-product","3":"status-publish","4":"has-post-thumbnail","6":"product_cat-accessories","7":"product_tag-ipad-digitizer-replacement","8":"product_tag-ipad-pro-12-9-2020-tp-wholesale","9":"product_tag-premium-ipad-screens","10":"product_tag-repair-shop-profitability","11":"product_tag-tablet-repair-parts-bulk","13":"first","14":"outofstock","15":"shipping-taxable","16":"product-type-simple"},"_links":{"self":[{"href":"https:\/\/screen-stocks.com\/pt\/wp-json\/wp\/v2\/product\/32418","targetHints":{"allow":["GET"]}}],"collection":[{"href":"https:\/\/screen-stocks.com\/pt\/wp-json\/wp\/v2\/product"}],"about":[{"href":"https:\/\/screen-stocks.com\/pt\/wp-json\/wp\/v2\/types\/product"}],"replies":[{"embeddable":true,"href":"https:\/\/screen-stocks.com\/pt\/wp-json\/wp\/v2\/comments?post=32418"}],"version-history":[{"count":1,"href":"https:\/\/screen-stocks.com\/pt\/wp-json\/wp\/v2\/product\/32418\/revisions"}],"predecessor-version":[{"id":35444,"href":"https:\/\/screen-stocks.com\/pt\/wp-json\/wp\/v2\/product\/32418\/revisions\/35444"}],"wp:featuredmedia":[{"embeddable":true,"href":"https:\/\/screen-stocks.com\/pt\/wp-json\/wp\/v2\/media\/32283"}],"wp:attachment":[{"href":"https:\/\/screen-stocks.com\/pt\/wp-json\/wp\/v2\/media?parent=32418"}],"wp:term":[{"taxonomy":"product_brand","embeddable":true,"href":"https:\/\/screen-stocks.com\/pt\/wp-json\/wp\/v2\/product_brand?post=32418"},{"taxonomy":"product_cat","embeddable":true,"href":"https:\/\/screen-stocks.com\/pt\/wp-json\/wp\/v2\/product_cat?post=32418"},{"taxonomy":"product_tag","embeddable":true,"href":"https:\/\/screen-stocks.com\/pt\/wp-json\/wp\/v2\/product_tag?post=32418"}],"curies":[{"name":"wp","href":"https:\/\/api.w.org\/{rel}","templated":true}]}}