{"id":32770,"date":"2025-09-02T02:54:44","date_gmt":"2025-09-02T02:54:44","guid":{"rendered":"https:\/\/screen-stocks.com\/?post_type=product&#038;p=32770"},"modified":"2025-12-26T00:30:27","modified_gmt":"2025-12-26T00:30:27","slug":"bulk-motorola-g-series-displays-faster-repairs-happier-customers-higher-profit","status":"publish","type":"product","link":"https:\/\/screen-stocks.com\/pt\/bulk-motorola-g-series-displays-faster-repairs-happier-customers-higher-profit\/","title":{"rendered":"Displays em massa da S\u00e9rie Motorola G: Repara\u00e7\u00f5es mais r\u00e1pidas, clientes mais satisfeitos, maior lucro"},"content":{"rendered":"<p>Para lojas de repara\u00e7\u00e3o de dispositivos m\u00f3veis, maximizar a efici\u00eancia e garantir a fidelidade do cliente s\u00e3o fundamentais. O nosso fornecimento por atacado de ecr\u00e3s de substitui\u00e7\u00e3o de alta qualidade para a <strong>s\u00e9rie Motorola Moto G40, G40 Fusion, G51, G60 e G60s<\/strong> \u00e9 projetado precisamente com o seu neg\u00f3cio em mente. Compreendemos que tempo \u00e9 dinheiro, e cada minuto economizado numa repara\u00e7\u00e3o traduz-se diretamente em maior rentabilidade.<\/p>\n<p>Os nossos conjuntos premium apresentam um <strong>Ajuste Impec\u00e1vel do Quadro<\/strong>, pr\u00e9-calibrado para uma integra\u00e7\u00e3o perfeita. Esta engenharia de precis\u00e3o reduz significativamente as complexidades de instala\u00e7\u00e3o, permitindo que os seus t\u00e9cnicos concluam as repara\u00e7\u00f5es de forma mais r\u00e1pida e eficiente. Diga adeus a ajustes frustrantes e componentes mal ajustados; os nossos ecr\u00e3s encaixam perfeitamente, poupando tempo valioso de trabalho e minimizando o risco de retrabalhos.<\/p>\n<p>Para al\u00e9m da efici\u00eancia operacional, a qualidade superior e o ajuste perfeito dos nossos ecr\u00e3s Motorola aumentam diretamente <strong>Satisfa\u00e7\u00e3o do Cliente<\/strong>. Os dispositivos saem da sua loja com apar\u00eancia e funcionamento como novos, fortalecendo a confian\u00e7a e incentivando neg\u00f3cios repetidos. Ofere\u00e7a aos seus clientes uma experi\u00eancia de repara\u00e7\u00e3o impec\u00e1vel a cada vez, refor\u00e7ando a sua reputa\u00e7\u00e3o e impulsionando um crescimento sustent\u00e1vel. Opte pelo nosso fornecimento em massa para uma parceria fi\u00e1vel que prioriza o seu resultado financeiro e a satisfa\u00e7\u00e3o dos seus clientes.<\/p>","protected":false},"excerpt":{"rendered":"<p>Ecr\u00e3s em massa do Motorola G40, G51, G60, G60s. Projetados para f\u00e1cil instala\u00e7\u00e3o, encaixe perfeito, economia de tempo de m\u00e3o-de-obra e maximiza\u00e7\u00e3o da rentabilidade da loja de repara\u00e7\u00f5es. Fornecimento em massa.<\/p>","protected":false},"featured_media":32641,"comment_status":"open","ping_status":"closed","template":"","meta":[],"product_brand":[],"product_cat":[357],"product_tag":[1090,438,1089,1088,467],"class_list":{"0":"post-32770","1":"product","2":"type-product","3":"status-publish","4":"has-post-thumbnail","6":"product_cat-motorola","7":"product_tag-g60s-lcd-bulk","8":"product_tag-mobile-phone-parts-supplier","9":"product_tag-moto-g40-replacement-display","10":"product_tag-motorola-screen-wholesale","11":"product_tag-repair-shop-profitability","13":"first","14":"outofstock","15":"shipping-taxable","16":"product-type-simple"},"_links":{"self":[{"href":"https:\/\/screen-stocks.com\/pt\/wp-json\/wp\/v2\/product\/32770","targetHints":{"allow":["GET"]}}],"collection":[{"href":"https:\/\/screen-stocks.com\/pt\/wp-json\/wp\/v2\/product"}],"about":[{"href":"https:\/\/screen-stocks.com\/pt\/wp-json\/wp\/v2\/types\/product"}],"replies":[{"embeddable":true,"href":"https:\/\/screen-stocks.com\/pt\/wp-json\/wp\/v2\/comments?post=32770"}],"version-history":[{"count":2,"href":"https:\/\/screen-stocks.com\/pt\/wp-json\/wp\/v2\/product\/32770\/revisions"}],"predecessor-version":[{"id":34750,"href":"https:\/\/screen-stocks.com\/pt\/wp-json\/wp\/v2\/product\/32770\/revisions\/34750"}],"wp:featuredmedia":[{"embeddable":true,"href":"https:\/\/screen-stocks.com\/pt\/wp-json\/wp\/v2\/media\/32641"}],"wp:attachment":[{"href":"https:\/\/screen-stocks.com\/pt\/wp-json\/wp\/v2\/media?parent=32770"}],"wp:term":[{"taxonomy":"product_brand","embeddable":true,"href":"https:\/\/screen-stocks.com\/pt\/wp-json\/wp\/v2\/product_brand?post=32770"},{"taxonomy":"product_cat","embeddable":true,"href":"https:\/\/screen-stocks.com\/pt\/wp-json\/wp\/v2\/product_cat?post=32770"},{"taxonomy":"product_tag","embeddable":true,"href":"https:\/\/screen-stocks.com\/pt\/wp-json\/wp\/v2\/product_tag?post=32770"}],"curies":[{"name":"wp","href":"https:\/\/api.w.org\/{rel}","templated":true}]}}