{"id":32779,"date":"2025-09-02T02:54:46","date_gmt":"2025-09-02T02:54:46","guid":{"rendered":"https:\/\/screen-stocks.com\/?post_type=product&#038;p=32779"},"modified":"2026-02-16T03:53:34","modified_gmt":"2026-02-16T03:53:34","slug":"bulk-wholesale-motorola-moto-g9-play-screens-hd-ips-lcd-assemblies","status":"publish","type":"product","link":"https:\/\/screen-stocks.com\/pt\/bulk-wholesale-motorola-moto-g9-play-screens-hd-ips-lcd-assemblies\/","title":{"rendered":"Ecr\u00e3s por atacado em grosso Motorola Moto G9 Play \u2013 Conjuntos de LCD IPS HD+"},"content":{"rendered":"<p>O nosso fornecimento em grosso de conjuntos de ecr\u00e3 Motorola Moto G9 Play (motg9p0) oferece a fidelidade t\u00e9cnica incompar\u00e1vel essencial para opera\u00e7\u00f5es de repara\u00e7\u00e3o e recondicionamento em grande volume. Cada unidade \u00e9 meticulosamente projetada para cumprir padr\u00f5es de desempenho rigorosos, garantindo uma experi\u00eancia de utilizador fluida que espelha as especifica\u00e7\u00f5es do equipamento original.<\/p>\n<p>Central ao nosso produto est\u00e1 a robustez do ecr\u00e3 <strong>Painel LCD IPS<\/strong>, oferecendo uma nitidez <strong>resolu\u00e7\u00e3o HD+ de 720 x 1600 pixels<\/strong> numa diagonal vibrante de 6,5 polegadas. Com uma densidade de pixels de aproximadamente 269 ppi, a clareza visual e os detalhes s\u00e3o preservados, tornando estes ecr\u00e3s ideais para uso di\u00e1rio. Mantemos um padr\u00e3o <strong>60Hz<\/strong>, garantindo navega\u00e7\u00e3o suave e taxas de quadros consistentes, essenciais para a satisfa\u00e7\u00e3o do utilizador. A nossa <strong>Touch IC<\/strong> integrada oferece sensibilidade excecional e precis\u00e3o multi-toque, crucial para jogos responsivos e intera\u00e7\u00e3o precisa, com uma resposta de baixa lat\u00eancia comprovada sob testes rigorosos. Al\u00e9m disso, estes conjuntos s\u00e3o calibrados para alcan\u00e7ar uma cobertura superior de <strong>Gama de Cores sRGB<\/strong>, apresentando cores com precis\u00e3o e vivacidade que realmente d\u00e3o vida ao conte\u00fado, juntamente com n\u00edveis de brilho consistentes otimizados para condi\u00e7\u00f5es de ilumina\u00e7\u00e3o variadas. Este foco em especifica\u00e7\u00f5es baseadas em dados refor\u00e7a o nosso compromisso de fornecer ecr\u00e3s que funcionam de forma fi\u00e1vel e consistente, potenciando o seu neg\u00f3cio com qualidade e efici\u00eancia.<\/p>","protected":false},"excerpt":{"rendered":"<p>Ecr\u00e3s por atacado Motorola Moto G9 Play (motg9p0). Experimente LCDs IPS HD+ 720\u00d71600 com taxa de atualiza\u00e7\u00e3o de 60Hz, IC de toque preciso e gama de cores sRGB. Fornecimento em grosso para repara\u00e7\u00e3o.<\/p>","protected":false},"featured_media":32730,"comment_status":"open","ping_status":"closed","template":"","meta":[],"product_brand":[],"product_cat":[357],"product_tag":[1550,620,1548,1547,1549],"class_list":{"0":"post-32779","1":"product","2":"type-product","3":"status-publish","4":"has-post-thumbnail","6":"product_cat-motorola","7":"product_tag-g9-play-hd-panel","8":"product_tag-mobile-screen-wholesale","9":"product_tag-moto-g9-play-screen-bulk","10":"product_tag-motorola-g9-play-wholesale","11":"product_tag-xt2083-1-lcd-display","13":"first","14":"outofstock","15":"shipping-taxable","16":"product-type-simple"},"_links":{"self":[{"href":"https:\/\/screen-stocks.com\/pt\/wp-json\/wp\/v2\/product\/32779","targetHints":{"allow":["GET"]}}],"collection":[{"href":"https:\/\/screen-stocks.com\/pt\/wp-json\/wp\/v2\/product"}],"about":[{"href":"https:\/\/screen-stocks.com\/pt\/wp-json\/wp\/v2\/types\/product"}],"replies":[{"embeddable":true,"href":"https:\/\/screen-stocks.com\/pt\/wp-json\/wp\/v2\/comments?post=32779"}],"version-history":[{"count":3,"href":"https:\/\/screen-stocks.com\/pt\/wp-json\/wp\/v2\/product\/32779\/revisions"}],"predecessor-version":[{"id":35395,"href":"https:\/\/screen-stocks.com\/pt\/wp-json\/wp\/v2\/product\/32779\/revisions\/35395"}],"wp:featuredmedia":[{"embeddable":true,"href":"https:\/\/screen-stocks.com\/pt\/wp-json\/wp\/v2\/media\/32730"}],"wp:attachment":[{"href":"https:\/\/screen-stocks.com\/pt\/wp-json\/wp\/v2\/media?parent=32779"}],"wp:term":[{"taxonomy":"product_brand","embeddable":true,"href":"https:\/\/screen-stocks.com\/pt\/wp-json\/wp\/v2\/product_brand?post=32779"},{"taxonomy":"product_cat","embeddable":true,"href":"https:\/\/screen-stocks.com\/pt\/wp-json\/wp\/v2\/product_cat?post=32779"},{"taxonomy":"product_tag","embeddable":true,"href":"https:\/\/screen-stocks.com\/pt\/wp-json\/wp\/v2\/product_tag?post=32779"}],"curies":[{"name":"wp","href":"https:\/\/api.w.org\/{rel}","templated":true}]}}