{"id":32948,"date":"2025-09-02T03:16:21","date_gmt":"2025-09-02T03:16:21","guid":{"rendered":"https:\/\/screen-stocks.com\/?post_type=product&#038;p=32948"},"modified":"2026-01-13T02:30:30","modified_gmt":"2026-01-13T02:30:30","slug":"bulk-sony-xperia-z1-compact-screen-supply-technical-precision","status":"publish","type":"product","link":"https:\/\/screen-stocks.com\/pt\/bulk-sony-xperia-z1-compact-screen-supply-technical-precision\/","title":{"rendered":"Fornecimento em massa de ecr\u00e3s Sony Xperia Z1 Compact | Precis\u00e3o T\u00e9cnica"},"content":{"rendered":"<p>Como seu parceiro de atacado de confian\u00e7a, fornecemos ecr\u00e3s de substitui\u00e7\u00e3o premium para o <strong>Sony Xperia Z1 Compact<\/strong>, concebidos para cumprir e superar as especifica\u00e7\u00f5es do equipamento original. O nosso compromisso inabal\u00e1vel com a precis\u00e3o t\u00e9cnica garante que os seus clientes recebam uma experi\u00eancia visual e interativa incompar\u00e1vel, fundamental para manter a funcionalidade do dispositivo e a satisfa\u00e7\u00e3o do utilizador.<\/p>\n<p>Cada conjunto de ecr\u00e3 apresenta um n\u00edtido <strong>painel LCD IPS de 4,3 polegadas<\/strong>, oferecendo uma resolu\u00e7\u00e3o nativa de <strong>1280 x 720 pixels<\/strong>. Isto traduz-se numa densidade de 342 ppi, garantindo textos claros e imagens altamente detalhadas. Os benef\u00edcios inerentes \u00e0 tecnologia IPS asseguram uma reprodu\u00e7\u00e3o de cores consistente e \u00e2ngulos de vis\u00e3o amplos, essenciais para manter a integridade da imagem de v\u00e1rias perspetivas sem mudan\u00e7a ou degrada\u00e7\u00e3o de cor.<\/p>\n<p>Os nossos ecr\u00e3s s\u00e3o meticulosamente calibrados para um desempenho de cor \u00f3timo, alcan\u00e7ando uma forte cobertura do espa\u00e7o de cores sRGB para tons vibrantes e precisos que representam fielmente o conte\u00fado. A <strong>IC de Toque<\/strong> tecnologia integrada \u00e9 afinada para uma entrada multi-toque responsiva e precisa, garantindo navega\u00e7\u00e3o e jogos sem lat\u00eancia. Al\u00e9m disso, a taxa de atualiza\u00e7\u00e3o do ecr\u00e3 \u00e9 otimizada de forma consistente a <strong>60Hz<\/strong>, proporcionando uma rolagem suave e transi\u00e7\u00f5es visuais fluidas, essenciais para uma experi\u00eancia de utilizador premium. Parceria connosco para fornecimentos de ecr\u00e3s em massa confi\u00e1veis e de alta especifica\u00e7\u00e3o, onde a excel\u00eancia t\u00e9cnica \u00e9 padr\u00e3o.<\/p>","protected":false},"excerpt":{"rendered":"<p>Ecr\u00e3s Grossistas Sony Xperia Z1 Compact: 4,3\u2033 IPS LCD, 1280\u00d7720 HD, 342ppi. Calibrado sRGB, Touch IC responsivo, atualiza\u00e7\u00e3o a 60Hz. Fornecimento a granel.<\/p>","protected":false},"featured_media":32879,"comment_status":"open","ping_status":"closed","template":"","meta":[],"product_brand":[],"product_cat":[361],"product_tag":[1326,868,1212,1325,1327],"class_list":{"0":"post-32948","1":"product","2":"type-product","3":"status-publish","4":"has-post-thumbnail","6":"product_cat-sony","7":"product_tag-d5503-lcd-wholesale","8":"product_tag-ips-lcd-replacement","9":"product_tag-mobile-phone-screen-bulk","10":"product_tag-sony-xperia-z1-compact-screen","11":"product_tag-xperia-z1-compact-display","13":"first","14":"outofstock","15":"shipping-taxable","16":"product-type-simple"},"_links":{"self":[{"href":"https:\/\/screen-stocks.com\/pt\/wp-json\/wp\/v2\/product\/32948","targetHints":{"allow":["GET"]}}],"collection":[{"href":"https:\/\/screen-stocks.com\/pt\/wp-json\/wp\/v2\/product"}],"about":[{"href":"https:\/\/screen-stocks.com\/pt\/wp-json\/wp\/v2\/types\/product"}],"replies":[{"embeddable":true,"href":"https:\/\/screen-stocks.com\/pt\/wp-json\/wp\/v2\/comments?post=32948"}],"version-history":[{"count":2,"href":"https:\/\/screen-stocks.com\/pt\/wp-json\/wp\/v2\/product\/32948\/revisions"}],"predecessor-version":[{"id":34869,"href":"https:\/\/screen-stocks.com\/pt\/wp-json\/wp\/v2\/product\/32948\/revisions\/34869"}],"wp:featuredmedia":[{"embeddable":true,"href":"https:\/\/screen-stocks.com\/pt\/wp-json\/wp\/v2\/media\/32879"}],"wp:attachment":[{"href":"https:\/\/screen-stocks.com\/pt\/wp-json\/wp\/v2\/media?parent=32948"}],"wp:term":[{"taxonomy":"product_brand","embeddable":true,"href":"https:\/\/screen-stocks.com\/pt\/wp-json\/wp\/v2\/product_brand?post=32948"},{"taxonomy":"product_cat","embeddable":true,"href":"https:\/\/screen-stocks.com\/pt\/wp-json\/wp\/v2\/product_cat?post=32948"},{"taxonomy":"product_tag","embeddable":true,"href":"https:\/\/screen-stocks.com\/pt\/wp-json\/wp\/v2\/product_tag?post=32948"}],"curies":[{"name":"wp","href":"https:\/\/api.w.org\/{rel}","templated":true}]}}