{"id":32950,"date":"2025-09-02T03:16:21","date_gmt":"2025-09-02T03:16:21","guid":{"rendered":"https:\/\/screen-stocks.com\/?post_type=product&#038;p=32950"},"modified":"2025-12-17T01:30:46","modified_gmt":"2025-12-17T01:30:46","slug":"sony-xperia-z3-display-bulk-boost-repair-shop-efficiency-satisfaction","status":"publish","type":"product","link":"https:\/\/screen-stocks.com\/pt\/sony-xperia-z3-display-bulk-boost-repair-shop-efficiency-satisfaction\/","title":{"rendered":"Bulk de Ecr\u00e3s Sony Xperia Z3: Aumente a Efici\u00eancia e Satisfa\u00e7\u00e3o na Loja de Repara\u00e7\u00f5es"},"content":{"rendered":"<p>Para oficinas de repara\u00e7\u00e3o m\u00f3vel que priorizam efici\u00eancia e rentabilidade, o nosso fornecimento em massa de conjuntos de ecr\u00e3s do Sony Xperia Z3 \u00e9 a sua vantagem estrat\u00e9gica. Compreendemos que cada minuto conta na sua oficina. \u00c9 por isso que os nossos ecr\u00e3s de substitui\u00e7\u00e3o premium s\u00e3o concebidos para reduzir drasticamente os tempos de repara\u00e7\u00e3o, aumentando diretamente o seu lucro e melhorando o fluxo operacional.<\/p>\n<p>Nosso <strong>Conjuntos de LCD com Digitizador para Sony Xperia Z3<\/strong> s\u00e3o meticulosamente fabricados para <strong>encaixe perfeito do quadro<\/strong>, eliminando frustra\u00e7\u00f5es comuns na instala\u00e7\u00e3o e garantindo um acabamento perfeito, de f\u00e1brica, a cada vez. Este ajuste de precis\u00e3o n\u00e3o s\u00f3 contribui para um processo de repara\u00e7\u00e3o mais r\u00e1pido e sem complica\u00e7\u00f5es, poupando tempo de trabalho valioso, mas tamb\u00e9m melhora significativamente a est\u00e9tica final e a funcionalidade. Menos retrabalhos significam maior produtividade e maior efici\u00eancia dos t\u00e9cnicos.<\/p>\n<p>Ao escolher os nossos ecr\u00e3s de atacado para Xperia Z3, est\u00e1 a investir em uma efici\u00eancia inigual\u00e1vel <strong>satisfa\u00e7\u00e3o do cliente<\/strong>. Instala\u00e7\u00f5es suaves e ecr\u00e3s dur\u00e1veis de alta qualidade traduzem-se em clientes satisfeitos, que t\u00eam maior probabilidade de regressar para futuros servi\u00e7os e recomendar a sua oficina. Otimize a sua efici\u00eancia operacional, maximize as margens de lucro por repara\u00e7\u00e3o e construa uma reputa\u00e7\u00e3o mais forte com um parceiro de cadeia de abastecimento fi\u00e1vel. Fa\u00e7a stock hoje e experimente a diferen\u00e7a no seu fluxo de trabalho de repara\u00e7\u00e3o e rentabilidade.<\/p>","protected":false},"excerpt":{"rendered":"<p>Ecr\u00e3s Sony Xperia Z3 por atacado para lojas de repara\u00e7\u00e3o. Garanta um ajuste perfeito, repara\u00e7\u00f5es mais r\u00e1pidas, economize tempo de m\u00e3o-de-obra e aumente a satisfa\u00e7\u00e3o do cliente para maiores lucros.<\/p>","protected":false},"featured_media":32887,"comment_status":"open","ping_status":"closed","template":"","meta":[],"product_brand":[],"product_cat":[361],"product_tag":[522,523,891,892,890],"class_list":{"0":"post-32950","1":"product","2":"type-product","3":"status-publish","4":"has-post-thumbnail","6":"product_cat-sony","7":"product_tag-mobile-repair-parts-supplier","8":"product_tag-smartphone-screen-distributor","9":"product_tag-sony-z3-display-bulk","10":"product_tag-xperia-z3-digitizer-assembly","11":"product_tag-xperia-z3-screen-wholesale","13":"first","14":"outofstock","15":"shipping-taxable","16":"product-type-simple"},"_links":{"self":[{"href":"https:\/\/screen-stocks.com\/pt\/wp-json\/wp\/v2\/product\/32950","targetHints":{"allow":["GET"]}}],"collection":[{"href":"https:\/\/screen-stocks.com\/pt\/wp-json\/wp\/v2\/product"}],"about":[{"href":"https:\/\/screen-stocks.com\/pt\/wp-json\/wp\/v2\/types\/product"}],"replies":[{"embeddable":true,"href":"https:\/\/screen-stocks.com\/pt\/wp-json\/wp\/v2\/comments?post=32950"}],"version-history":[{"count":2,"href":"https:\/\/screen-stocks.com\/pt\/wp-json\/wp\/v2\/product\/32950\/revisions"}],"predecessor-version":[{"id":34676,"href":"https:\/\/screen-stocks.com\/pt\/wp-json\/wp\/v2\/product\/32950\/revisions\/34676"}],"wp:featuredmedia":[{"embeddable":true,"href":"https:\/\/screen-stocks.com\/pt\/wp-json\/wp\/v2\/media\/32887"}],"wp:attachment":[{"href":"https:\/\/screen-stocks.com\/pt\/wp-json\/wp\/v2\/media?parent=32950"}],"wp:term":[{"taxonomy":"product_brand","embeddable":true,"href":"https:\/\/screen-stocks.com\/pt\/wp-json\/wp\/v2\/product_brand?post=32950"},{"taxonomy":"product_cat","embeddable":true,"href":"https:\/\/screen-stocks.com\/pt\/wp-json\/wp\/v2\/product_cat?post=32950"},{"taxonomy":"product_tag","embeddable":true,"href":"https:\/\/screen-stocks.com\/pt\/wp-json\/wp\/v2\/product_tag?post=32950"}],"curies":[{"name":"wp","href":"https:\/\/api.w.org\/{rel}","templated":true}]}}