{"id":33125,"date":"2025-09-02T03:53:28","date_gmt":"2025-09-02T03:53:28","guid":{"rendered":"https:\/\/screen-stocks.com\/?post_type=product&#038;p=33125"},"modified":"2026-02-25T02:53:00","modified_gmt":"2026-02-25T02:53:00","slug":"bulk-lg-k41s-display-supply-precision-hd-calibrated-color-gamut","status":"publish","type":"product","link":"https:\/\/screen-stocks.com\/pt\/bulk-lg-k41s-display-supply-precision-hd-calibrated-color-gamut\/","title":{"rendered":"Fornecimento em massa de ecr\u00e3s LG K41s: Precis\u00e3o HD+ e Gama de Cores Calibrada"},"content":{"rendered":"<p>Eleve os seus servi\u00e7os de repara\u00e7\u00e3o e renova\u00e7\u00e3o com o nosso fornecimento grossista premium de <strong>conjuntos de ecr\u00e3 LG K41s<\/strong>. Projetados para cumprir e superar as especifica\u00e7\u00f5es do fabricante de equipamento original (OEM), os nossos pain\u00e9is garantem uma experi\u00eancia de utilizador perfeita e um desempenho consistente para a sua clientela.<\/p>\n<p>Cada ecr\u00e3 \u00e9 meticulosamente elaborado para oferecer a resolu\u00e7\u00e3o nativa <strong>HD+ de 720 x 1600 pixels<\/strong>, garantindo imagens n\u00edtidas e claras que representam com precis\u00e3o a qualidade original do ecr\u00e3 do dispositivo. Mantemos um compromisso firme com uma <strong>60Hz<\/strong>, fundamental para uma navega\u00e7\u00e3o suave, anima\u00e7\u00f5es fluidas e uma interface de utilizador responsiva, sem ghosting ou atrasos.<\/p>\n<p>Os nossos ICs de toque integrados proporcionam uma sensibilidade e resposta superior <strong>multitoque<\/strong>, garantindo que cada toque, deslize e gesto de pin\u00e7a seja registado com precis\u00e3o. Este elevado n\u00edvel de fidelidade ao toque traduz-se numa intera\u00e7\u00e3o de utilizador fluida, reduzindo reclama\u00e7\u00f5es de clientes relacionadas com telas que n\u00e3o respondem. Al\u00e9m disso, os nossos pain\u00e9is LG K41s s\u00e3o calibrados com per\u00edcia para reproduzir uma vasta <strong>espectro de cores<\/strong>, oferecendo cores vibrantes e fi\u00e9is \u00e0 vida, com um equil\u00edbrio de branco consistente em todas as unidades. Esta calibra\u00e7\u00e3o meticulosa de cores garante que o conte\u00fado visual seja exibido com clareza e profundidade excecionais, proporcionando uma experi\u00eancia de visualiza\u00e7\u00e3o imersiva que se alinha perfeitamente com os perfis de cores OEM. Parceria connosco para ecr\u00e3s LG K41s fi\u00e1veis e tecnicamente superiores em grande quantidade.<\/p>","protected":false},"excerpt":{"rendered":"<p>Ecr\u00e3s LG K41s por atacado: experimente resolu\u00e7\u00e3o OEM de 720x1600, taxa de atualiza\u00e7\u00e3o de 60Hz, sensibilidade precisa do IC de toque e gama de cores vibrante para repara\u00e7\u00f5es fi\u00e1veis.<\/p>","protected":false},"featured_media":33028,"comment_status":"open","ping_status":"closed","template":"","meta":[],"product_brand":[],"product_cat":[363],"product_tag":[1665,1663,1664,1662,480],"class_list":{"0":"post-33125","1":"product","2":"type-product","3":"status-publish","4":"has-post-thumbnail","6":"product_cat-lg","7":"product_tag-high-resolution-k41s-display","8":"product_tag-k41s-display-bulk","9":"product_tag-lg-k41s-replacement-parts","10":"product_tag-lg-k41s-screen-wholesale","11":"product_tag-mobile-screen-supplier","13":"first","14":"outofstock","15":"shipping-taxable","16":"product-type-simple"},"_links":{"self":[{"href":"https:\/\/screen-stocks.com\/pt\/wp-json\/wp\/v2\/product\/33125","targetHints":{"allow":["GET"]}}],"collection":[{"href":"https:\/\/screen-stocks.com\/pt\/wp-json\/wp\/v2\/product"}],"about":[{"href":"https:\/\/screen-stocks.com\/pt\/wp-json\/wp\/v2\/types\/product"}],"replies":[{"embeddable":true,"href":"https:\/\/screen-stocks.com\/pt\/wp-json\/wp\/v2\/comments?post=33125"}],"version-history":[{"count":2,"href":"https:\/\/screen-stocks.com\/pt\/wp-json\/wp\/v2\/product\/33125\/revisions"}],"predecessor-version":[{"id":35435,"href":"https:\/\/screen-stocks.com\/pt\/wp-json\/wp\/v2\/product\/33125\/revisions\/35435"}],"wp:featuredmedia":[{"embeddable":true,"href":"https:\/\/screen-stocks.com\/pt\/wp-json\/wp\/v2\/media\/33028"}],"wp:attachment":[{"href":"https:\/\/screen-stocks.com\/pt\/wp-json\/wp\/v2\/media?parent=33125"}],"wp:term":[{"taxonomy":"product_brand","embeddable":true,"href":"https:\/\/screen-stocks.com\/pt\/wp-json\/wp\/v2\/product_brand?post=33125"},{"taxonomy":"product_cat","embeddable":true,"href":"https:\/\/screen-stocks.com\/pt\/wp-json\/wp\/v2\/product_cat?post=33125"},{"taxonomy":"product_tag","embeddable":true,"href":"https:\/\/screen-stocks.com\/pt\/wp-json\/wp\/v2\/product_tag?post=33125"}],"curies":[{"name":"wp","href":"https:\/\/api.w.org\/{rel}","templated":true}]}}