{"id":33183,"date":"2025-09-02T05:47:18","date_gmt":"2025-09-02T05:47:18","guid":{"rendered":"https:\/\/screen-stocks.com\/?post_type=product&#038;p=33183"},"modified":"2026-02-03T02:53:26","modified_gmt":"2026-02-03T02:53:26","slug":"wholesale-oneplus-5-display-assemblies-high-spec-optic-amoled-bulk","status":"publish","type":"product","link":"https:\/\/screen-stocks.com\/pt\/wholesale-oneplus-5-display-assemblies-high-spec-optic-amoled-bulk\/","title":{"rendered":"Conjuntos de Ecr\u00e3 Grossista OnePlus 5 | AMOLED \u00d3ptico de Alta Especifica\u00e7\u00e3o"},"content":{"rendered":"<p>Eleve as suas capacidades de repara\u00e7\u00e3o e fabrica\u00e7\u00e3o com o nosso fornecimento grossista premium de <strong>Conjuntos de Ecr\u00e3 AMOLED \u00d3ptico OnePlus 5<\/strong>. Projetados de acordo com as especifica\u00e7\u00f5es OEM exatas, estas unidades oferecem fidelidade visual incompar\u00e1vel, garantindo satisfa\u00e7\u00e3o do cliente com cada instala\u00e7\u00e3o.<\/p>\n<p>Os nossos ecr\u00e3s apresentam o original <strong>resolu\u00e7\u00e3o de 1080 x 1920 p\u00edxeis<\/strong>, oferecendo uma impressionante <strong>densidade de 401 ppi<\/strong>. Esta densidade de pixels garante textos n\u00edtidos e imagens claras, fundamental para uma experi\u00eancia de utilizador aut\u00eantica. Para al\u00e9m da resolu\u00e7\u00e3o, a integra\u00e7\u00e3o da tecnologia avan\u00e7ada <strong>Optic AMOLED<\/strong> garante uma reprodu\u00e7\u00e3o de cores superior, rela\u00e7\u00f5es de contraste profundas e pretos verdadeiros. Estes pain\u00e9is s\u00e3o calibrados para uma vasta gama de cores, suportando o <strong>padr\u00e3o DCI-P3<\/strong>, o que se traduz numa apresenta\u00e7\u00e3o de cores precisa, vibrante e realista em todos os meios.<\/p>\n<p>A responsividade \u00e9 fundamental. Cada conjunto incorpora um <strong>IC de Toque<\/strong>, rigorosamente testado para garantir funcionalidade multi-toque perfeita e reconhecimento instant\u00e2neo de entrada. Operando na norma <strong>60Hz<\/strong>, os utilizadores experimentar\u00e3o uma navega\u00e7\u00e3o suave e anima\u00e7\u00f5es fluidas de forma consistente, sem fantasmas ou atrasos. Implementamos protocolos rigorosos de controlo de qualidade, incluindo testes fotom\u00e9tricos e funcionais, para garantir que cada pedido em grande quantidade atenda aos mais elevados padr\u00f5es de desempenho em termos de consist\u00eancia de brilho, integridade dos pixels e precis\u00e3o do toque.<\/p>","protected":false},"excerpt":{"rendered":"<p>Ecr\u00e3s AMOLED \u00d3ptico OnePlus 5 por atacado. Caracter\u00edsticas 1080p, 401 ppi, gama DCI-P3, 60Hz e Touch IC de alta sensibilidade para repara\u00e7\u00f5es e fabrica\u00e7\u00e3o precisas.<\/p>","protected":false},"featured_media":33162,"comment_status":"open","ping_status":"closed","template":"","meta":[],"product_brand":[],"product_cat":[365],"product_tag":[1383,1384,1381,1382,541],"class_list":{"0":"post-33183","1":"product","2":"type-product","3":"status-publish","4":"has-post-thumbnail","6":"product_cat-oneplus","7":"product_tag-a5000-screen-bulk-supply","8":"product_tag-high-resolution-mobile-displays","9":"product_tag-oneplus-5-display-wholesale","10":"product_tag-oneplus-5-optic-amoled","11":"product_tag-wholesale-phone-screens","13":"first","14":"outofstock","15":"shipping-taxable","16":"product-type-simple"},"_links":{"self":[{"href":"https:\/\/screen-stocks.com\/pt\/wp-json\/wp\/v2\/product\/33183","targetHints":{"allow":["GET"]}}],"collection":[{"href":"https:\/\/screen-stocks.com\/pt\/wp-json\/wp\/v2\/product"}],"about":[{"href":"https:\/\/screen-stocks.com\/pt\/wp-json\/wp\/v2\/types\/product"}],"replies":[{"embeddable":true,"href":"https:\/\/screen-stocks.com\/pt\/wp-json\/wp\/v2\/comments?post=33183"}],"version-history":[{"count":3,"href":"https:\/\/screen-stocks.com\/pt\/wp-json\/wp\/v2\/product\/33183\/revisions"}],"predecessor-version":[{"id":35314,"href":"https:\/\/screen-stocks.com\/pt\/wp-json\/wp\/v2\/product\/33183\/revisions\/35314"}],"wp:featuredmedia":[{"embeddable":true,"href":"https:\/\/screen-stocks.com\/pt\/wp-json\/wp\/v2\/media\/33162"}],"wp:attachment":[{"href":"https:\/\/screen-stocks.com\/pt\/wp-json\/wp\/v2\/media?parent=33183"}],"wp:term":[{"taxonomy":"product_brand","embeddable":true,"href":"https:\/\/screen-stocks.com\/pt\/wp-json\/wp\/v2\/product_brand?post=33183"},{"taxonomy":"product_cat","embeddable":true,"href":"https:\/\/screen-stocks.com\/pt\/wp-json\/wp\/v2\/product_cat?post=33183"},{"taxonomy":"product_tag","embeddable":true,"href":"https:\/\/screen-stocks.com\/pt\/wp-json\/wp\/v2\/product_tag?post=33183"}],"curies":[{"name":"wp","href":"https:\/\/api.w.org\/{rel}","templated":true}]}}