{"id":33243,"date":"2025-09-02T05:53:10","date_gmt":"2025-09-02T05:53:10","guid":{"rendered":"https:\/\/screen-stocks.com\/?post_type=product&#038;p=33243"},"modified":"2025-11-19T05:54:11","modified_gmt":"2025-11-19T05:54:11","slug":"wholesale-nokia-x6-2018-nokia-6-1-plus-screen-replacement-lcd-display-digitizer-assembly","status":"publish","type":"product","link":"https:\/\/screen-stocks.com\/pt\/wholesale-nokia-x6-2018-nokia-6-1-plus-screen-replacement-lcd-display-digitizer-assembly\/","title":{"rendered":"Substitui\u00e7\u00e3o de ecr\u00e3 completo Nokia X6 (2018) \/ Nokia 6.1 Pl | Conjunto de ecr\u00e3 LCD e digitizador"},"content":{"rendered":"<p>&nbsp;<\/p>\n<ul>\n<li><b>Compatibilidade garantida:<\/b> Concebido exclusivamente para o <b>Nokia X6 (2018)<\/b> e a sua variante global, o <b>Nokia 6.1 Plus<\/b> (Modelos: TA-1099, TA-1103, TA-1083).<\/li>\n<li><b>Montagem de qualidade superior:<\/b> Cada unidade inclui o ecr\u00e3 LCD, o digitalizador do ecr\u00e3 t\u00e1til e o vidro frontal, pr\u00e9-montados para uma instala\u00e7\u00e3o mais simples e eficiente.<\/li>\n<li><b>Testes rigorosos de controlo de qualidade:<\/b> Todos os ecr\u00e3s s\u00e3o submetidos a um rigoroso controlo de qualidade para garantir zero pix\u00e9is mortos, um toque reativo e o brilho original.<\/li>\n<li><b>B2B Wholesale Focus:<\/b> Oferecemos pre\u00e7os competitivos por escal\u00f5es para encomendas em grandes quantidades. Quanto mais comprar, mais poupa.<\/li>\n<li><b>Direcionado para os mercados dos EUA e da UE:<\/b> Compreendemos as necessidades das empresas de repara\u00e7\u00e3o dos EUA e da UE. Fornecemos uma log\u00edstica fi\u00e1vel e um apoio dedicado aos nossos parceiros internacionais.<\/li>\n<\/ul>\n<p><b>Porqu\u00ea escolher-nos para as suas pe\u00e7as para Nokia X6 \/ 6.1 Plus?<\/b><\/p>\n<ul>\n<li><b>Cadeia de abastecimento a granel:<\/b> Mantenha o seu invent\u00e1rio com o nosso fornecimento est\u00e1vel e a granel de pe\u00e7as de repara\u00e7\u00e3o essenciais da Nokia.<\/li>\n<li><b>Para profissionais de repara\u00e7\u00e3o:<\/b> Somos um fornecedor exclusivo B2B, dedicado a apoiar o sector da repara\u00e7\u00e3o m\u00f3vel.<\/li>\n<li><b>Dur\u00e1vel e fi\u00e1vel:<\/b> Reduza as reac\u00e7\u00f5es dos clientes com pe\u00e7as em que pode confiar. Os nossos ecr\u00e3s s\u00e3o concebidos para durar e restaurar a funcionalidade original do telem\u00f3vel.<\/li>\n<\/ul>","protected":false},"excerpt":{"rendered":"<p>Fornecedor grossista fi\u00e1vel de ecr\u00e3s de substitui\u00e7\u00e3o de alta qualidade para o Nokia X6 (2018) \/ Nokia 6.1 Plus. Oferecemos pre\u00e7os a granel em montagens de ecr\u00e3 LCD e digitalizador premium para clientes B2B nos EUA e na UE. Envio r\u00e1pido de todas as pe\u00e7as de repara\u00e7\u00e3o.<\/p>","protected":false},"featured_media":33223,"comment_status":"open","ping_status":"closed","template":"","meta":[],"product_brand":[],"product_cat":[367],"product_tag":[368,360,356,359],"class_list":{"0":"post-33243","1":"product","2":"type-product","3":"status-publish","4":"has-post-thumbnail","6":"product_cat-nokia","7":"product_tag-nokia-screens","8":"product_tag-oem-replacement","9":"product_tag-us-eu-distributors","10":"product_tag-wholesale-smartphone-parts","12":"first","13":"outofstock","14":"shipping-taxable","15":"product-type-simple"},"_links":{"self":[{"href":"https:\/\/screen-stocks.com\/pt\/wp-json\/wp\/v2\/product\/33243","targetHints":{"allow":["GET"]}}],"collection":[{"href":"https:\/\/screen-stocks.com\/pt\/wp-json\/wp\/v2\/product"}],"about":[{"href":"https:\/\/screen-stocks.com\/pt\/wp-json\/wp\/v2\/types\/product"}],"replies":[{"embeddable":true,"href":"https:\/\/screen-stocks.com\/pt\/wp-json\/wp\/v2\/comments?post=33243"}],"version-history":[{"count":2,"href":"https:\/\/screen-stocks.com\/pt\/wp-json\/wp\/v2\/product\/33243\/revisions"}],"predecessor-version":[{"id":34187,"href":"https:\/\/screen-stocks.com\/pt\/wp-json\/wp\/v2\/product\/33243\/revisions\/34187"}],"wp:featuredmedia":[{"embeddable":true,"href":"https:\/\/screen-stocks.com\/pt\/wp-json\/wp\/v2\/media\/33223"}],"wp:attachment":[{"href":"https:\/\/screen-stocks.com\/pt\/wp-json\/wp\/v2\/media?parent=33243"}],"wp:term":[{"taxonomy":"product_brand","embeddable":true,"href":"https:\/\/screen-stocks.com\/pt\/wp-json\/wp\/v2\/product_brand?post=33243"},{"taxonomy":"product_cat","embeddable":true,"href":"https:\/\/screen-stocks.com\/pt\/wp-json\/wp\/v2\/product_cat?post=33243"},{"taxonomy":"product_tag","embeddable":true,"href":"https:\/\/screen-stocks.com\/pt\/wp-json\/wp\/v2\/product_tag?post=33243"}],"curies":[{"name":"wp","href":"https:\/\/api.w.org\/{rel}","templated":true}]}}