{"id":33293,"date":"2025-09-02T06:05:14","date_gmt":"2025-09-02T06:05:14","guid":{"rendered":"https:\/\/screen-stocks.com\/?post_type=product&#038;p=33293"},"modified":"2025-11-19T03:34:56","modified_gmt":"2025-11-19T03:34:56","slug":"stock-your-inventory-wholesale-htc-one-m9-phones-us-eu","status":"publish","type":"product","link":"https:\/\/screen-stocks.com\/pt\/stock-your-inventory-wholesale-htc-one-m9-phones-us-eu\/","title":{"rendered":"Reabaste\u00e7a o Seu Invent\u00e1rio: Telefone HTC One M9 por Atacado"},"content":{"rendered":"<p>Estoque o seu invent\u00e1rio com um verdadeiro cl\u00e1ssico Android \u2014 o HTC One M9. Ainda muito valorizado pelo seu design premium de corpo inteiro em metal e pelos ic\u00f3nicos altifalantes frontais BoomSound, o M9 oferece um valor incr\u00edvel para o mercado consciente do or\u00e7amento. \u00c9 uma escolha ideal para revendedores, como um telefone utilit\u00e1rio de baixo custo para implementa\u00e7\u00e3o empresarial, ou para mercados internacionais que procuram hardware dur\u00e1vel de marca reconhecida. Fornecemos um fornecimento constante e fi\u00e1vel destes dispositivos, testados funcionalmente e classificados cosmeticamente para atender \u00e0s necessidades do seu neg\u00f3cio.<\/p>\n<p>Pare de apostar em invent\u00e1rio inconsistente. Oferecemos pre\u00e7os grossistas competitivos em todos os lotes do HTC One M9, garantindo que possa maximizar as suas margens de lucro enquanto fornece um produto de qualidade. A nossa log\u00edstica \u00e9 otimizada para uma entrega r\u00e1pida e segura \u00e0s suas instala\u00e7\u00f5es em qualquer lugar de Portugal e da Uni\u00e3o Europeia. Contacte hoje a nossa equipa de vendas B2B para obter uma cota\u00e7\u00e3o personalizada e descobrir por que somos o parceiro de confian\u00e7a na aquisi\u00e7\u00e3o de dispositivos m\u00f3veis de qualidade e com bom custo-benef\u00edcio.<\/p>","protected":false},"excerpt":{"rendered":"<p>Telas HTC For Htc One m9 por atacado para distribuidores dos EUA\/UE. Qualidade de ajuste OEM, embalagem a granel, lotes consistentes para grandes encomendas.<\/p>","protected":false},"featured_media":33267,"comment_status":"open","ping_status":"closed","template":"","meta":[],"product_brand":[],"product_cat":[369],"product_tag":[370,360,356,359],"class_list":{"0":"post-33293","1":"product","2":"type-product","3":"status-publish","4":"has-post-thumbnail","6":"product_cat-htc","7":"product_tag-htc-screens","8":"product_tag-oem-replacement","9":"product_tag-us-eu-distributors","10":"product_tag-wholesale-smartphone-parts","12":"first","13":"outofstock","14":"shipping-taxable","15":"product-type-simple"},"_links":{"self":[{"href":"https:\/\/screen-stocks.com\/pt\/wp-json\/wp\/v2\/product\/33293","targetHints":{"allow":["GET"]}}],"collection":[{"href":"https:\/\/screen-stocks.com\/pt\/wp-json\/wp\/v2\/product"}],"about":[{"href":"https:\/\/screen-stocks.com\/pt\/wp-json\/wp\/v2\/types\/product"}],"replies":[{"embeddable":true,"href":"https:\/\/screen-stocks.com\/pt\/wp-json\/wp\/v2\/comments?post=33293"}],"version-history":[{"count":2,"href":"https:\/\/screen-stocks.com\/pt\/wp-json\/wp\/v2\/product\/33293\/revisions"}],"predecessor-version":[{"id":34009,"href":"https:\/\/screen-stocks.com\/pt\/wp-json\/wp\/v2\/product\/33293\/revisions\/34009"}],"wp:featuredmedia":[{"embeddable":true,"href":"https:\/\/screen-stocks.com\/pt\/wp-json\/wp\/v2\/media\/33267"}],"wp:attachment":[{"href":"https:\/\/screen-stocks.com\/pt\/wp-json\/wp\/v2\/media?parent=33293"}],"wp:term":[{"taxonomy":"product_brand","embeddable":true,"href":"https:\/\/screen-stocks.com\/pt\/wp-json\/wp\/v2\/product_brand?post=33293"},{"taxonomy":"product_cat","embeddable":true,"href":"https:\/\/screen-stocks.com\/pt\/wp-json\/wp\/v2\/product_cat?post=33293"},{"taxonomy":"product_tag","embeddable":true,"href":"https:\/\/screen-stocks.com\/pt\/wp-json\/wp\/v2\/product_tag?post=33293"}],"curies":[{"name":"wp","href":"https:\/\/api.w.org\/{rel}","templated":true}]}}