{"id":33376,"date":"2025-09-02T06:12:50","date_gmt":"2025-09-02T06:12:50","guid":{"rendered":"https:\/\/screen-stocks.com\/?post_type=product&#038;p=33376"},"modified":"2025-11-19T02:59:25","modified_gmt":"2025-11-19T02:59:25","slug":"wholesale-ipad-11th-gen-screen-replacement-a3355-a3354-us-eu-bulk","status":"publish","type":"product","link":"https:\/\/screen-stocks.com\/pt\/wholesale-ipad-11th-gen-screen-replacement-a3355-a3354-us-eu-bulk\/","title":{"rendered":"Repara\u00e7\u00e3o de Tela de iPad 11\u00aa Gera\u00e7\u00e3o por Atacado (A3355, A3354)"},"content":{"rendered":"<p><b>Apple iPad (11\u00aa Gera\u00e7\u00e3o) 11 polegadas (2025)<\/b>. Como distribuidor grossista de topo a servir Portugal e a UE, especializamo-nos no fornecimento B2B em grande quantidade para lojas de repara\u00e7\u00e3o, centros de recondicionamento e distribuidores de eletr\u00f3nica.<\/p>\n<p>Este conjunto completo de ecr\u00e3 \u00e9 a solu\u00e7\u00e3o profissional para reparar vidro partido, toque n\u00e3o responsivo ou pixels mortos no iPad 11\u00aa Gera\u00e7\u00e3o.<\/p>\n<p><b>Principais Caracter\u00edsticas:<\/b><\/p>\n<ul>\n<li><b>Compatibilidade Precisa:<\/b><span class=\"citation-6\"> Projetado para todos os modelos de iPad (11\u00aa Gera\u00e7\u00e3o), incluindo <\/span><b><span class=\"citation-6\">A3355<\/span><\/b><span class=\"citation-6\">, <\/span><b><span class=\"citation-6\">A3356<\/span><\/b><span class=\"citation-6\">, e <\/span><b><span class=\"citation-6\">A3354<\/span><\/b><span class=\"citation-6 citation-end-6\">.<\/span>\n<div class=\"source-inline-chip-container ng-star-inserted\"><\/div>\n<\/li>\n<li><b>Montagem completa:<\/b> Esta \u00e9 uma unidade pr\u00e9-montada que inclui tanto o <b>LCD Liquid Retina de 11 polegadas<\/b> e o <b>Digitizer de Toque de Vidro<\/b>. Isto simplifica o seu processo de repara\u00e7\u00e3o, economizando tempo e custos de m\u00e3o-de-obra.<\/li>\n<li><b>Qualidade A+:<\/b> As nossas telas oferecem brilho, resolu\u00e7\u00e3o de cor e sensibilidade ao toque de especifica\u00e7\u00e3o original.<\/li>\n<li><b>Teste de QC Rigoroso:<\/b> Cada ecr\u00e3 \u00e9 triplo-testado (100%) antes do envio para garantir zero defeitos, reduzir as suas taxas de RMA (devolu\u00e7\u00f5es) e proteger a sua reputa\u00e7\u00e3o.<\/li>\n<\/ul>\n<p><b>Seu Parceiro Grossista para Mercados de Portugal e da UE:<\/b><\/p>\n<p>Estamos feitos para ser o seu parceiro na cadeia de abastecimento. Oferecemos:<\/p>\n<ul>\n<li><b>Pre\u00e7os Competitivos por Atacado:<\/b> Descontos significativos em encomendas em volume para maximizar as suas margens de lucro.<\/li>\n<li><b>Envio r\u00e1pido e fi\u00e1vel:<\/b> Com centros de distribui\u00e7\u00e3o em Portugal e na UE, entregamos as pe\u00e7as de que necessita, rapidamente.<\/li>\n<li><b>Invent\u00e1rio Est\u00e1vel:<\/b> Mantemos um stock profundo de pe\u00e7as de alta procura, incluindo o iPad 11\u00aa Gera\u00e7\u00e3o, para que nunca fique sem stock.<\/li>\n<li><b>Suporte Dedicado B2B:<\/b> A sua conta \u00e9 gerida por um especialista em pe\u00e7as que compreende as necessidades do seu neg\u00f3cio.<\/li>\n<\/ul>","protected":false},"excerpt":{"rendered":"<p>Estoque a sua loja de repara\u00e7\u00f5es com substitui\u00e7\u00f5es de ecr\u00e3 de alta qualidade para iPad 11\u00aa gera\u00e7\u00e3o. Somos um fornecedor grossista l\u00edder em Portugal e na UE de conjuntos de LCD e digitizer A3355, A3356 e A3354 em grande quantidade. Testado em QC. Envio r\u00e1pido.<\/p>","protected":false},"featured_media":33329,"comment_status":"open","ping_status":"closed","template":"","meta":[],"product_brand":[],"product_cat":[20],"product_tag":[372,360,356,373],"class_list":{"0":"post-33376","1":"product","2":"type-product","3":"status-publish","4":"has-post-thumbnail","6":"product_cat-accessories","7":"product_tag-ipad-screens","8":"product_tag-oem-replacement","9":"product_tag-us-eu-distributors","10":"product_tag-wholesale-tablet-parts","12":"first","13":"outofstock","14":"shipping-taxable","15":"product-type-simple"},"_links":{"self":[{"href":"https:\/\/screen-stocks.com\/pt\/wp-json\/wp\/v2\/product\/33376","targetHints":{"allow":["GET"]}}],"collection":[{"href":"https:\/\/screen-stocks.com\/pt\/wp-json\/wp\/v2\/product"}],"about":[{"href":"https:\/\/screen-stocks.com\/pt\/wp-json\/wp\/v2\/types\/product"}],"replies":[{"embeddable":true,"href":"https:\/\/screen-stocks.com\/pt\/wp-json\/wp\/v2\/comments?post=33376"}],"version-history":[{"count":2,"href":"https:\/\/screen-stocks.com\/pt\/wp-json\/wp\/v2\/product\/33376\/revisions"}],"predecessor-version":[{"id":33985,"href":"https:\/\/screen-stocks.com\/pt\/wp-json\/wp\/v2\/product\/33376\/revisions\/33985"}],"wp:featuredmedia":[{"embeddable":true,"href":"https:\/\/screen-stocks.com\/pt\/wp-json\/wp\/v2\/media\/33329"}],"wp:attachment":[{"href":"https:\/\/screen-stocks.com\/pt\/wp-json\/wp\/v2\/media?parent=33376"}],"wp:term":[{"taxonomy":"product_brand","embeddable":true,"href":"https:\/\/screen-stocks.com\/pt\/wp-json\/wp\/v2\/product_brand?post=33376"},{"taxonomy":"product_cat","embeddable":true,"href":"https:\/\/screen-stocks.com\/pt\/wp-json\/wp\/v2\/product_cat?post=33376"},{"taxonomy":"product_tag","embeddable":true,"href":"https:\/\/screen-stocks.com\/pt\/wp-json\/wp\/v2\/product_tag?post=33376"}],"curies":[{"name":"wp","href":"https:\/\/api.w.org\/{rel}","templated":true}]}}