{"id":34387,"date":"2025-12-01T09:18:50","date_gmt":"2025-12-01T09:18:50","guid":{"rendered":"https:\/\/screen-stocks.com\/"},"modified":"2026-01-29T06:18:26","modified_gmt":"2026-01-29T06:18:26","slug":"wholesale-iphone-15-screens-oem-grade-displays-with-unmatched-technical-specs","status":"publish","type":"product","link":"https:\/\/screen-stocks.com\/pt\/wholesale-iphone-15-screens-oem-grade-displays-with-unmatched-technical-specs\/","title":{"rendered":"Ecr\u00e3s por grosso do iPhone 15: Displays de Grau OEM com Especifica\u00e7\u00f5es T\u00e9cnicas Inigual\u00e1veis"},"content":{"rendered":"<p>Eleve as suas ofertas de servi\u00e7o com o nosso premium <strong>Ecr\u00e3s por atacado para iPhone 15<\/strong>, projetados para oferecer desempenho visual e t\u00e1til incompar\u00e1vel. Cada unidade \u00e9 um testemunho de precis\u00e3o de grau OEM, rigorosamente testada para cumprir os rigorosos padr\u00f5es da ind\u00fastria. O nosso foco na garantia de qualidade baseada em dados garante que cada painel de exibi\u00e7\u00e3o que recebe corresponda exatamente \u00e0s especifica\u00e7\u00f5es do dispositivo original, minimizando devolu\u00e7\u00f5es e maximizando a satisfa\u00e7\u00e3o do cliente.<\/p>\n<p>Os nossos ecr\u00e3s ostentam a aut\u00eantica <strong>tecnologia de ecr\u00e3 OLED Super Retina XDR<\/strong>, apresentando uma resolu\u00e7\u00e3o n\u00edtida de <strong>2556 por 1179 pixels<\/strong> a uma densidade de <strong>460 pixels por polegada (ppi)<\/strong>, garantindo imagens e textos com nitidez extrema. Experimente uma intera\u00e7\u00e3o fluida com o utilizador com a taxa de atualiza\u00e7\u00e3o padr\u00e3o de <strong>60Hz<\/strong>, perfeitamente otimizada para os par\u00e2metros operacionais do iPhone 15. Al\u00e9m disso, o <strong>IC Multi-Touch<\/strong> integrado oferece uma resposta excecional e precis\u00e3o na retroalimenta\u00e7\u00e3o h\u00e1ptica, essencial para uma experi\u00eancia de utilizador sem falhas. Garantimos uma cobertura completa do <strong>espa\u00e7o de cores amplo P3<\/strong> e uma impressionante <strong>rela\u00e7\u00e3o de contraste de 2.000.000:1<\/strong>, resultando numa reprodu\u00e7\u00e3o de cores vibrantes e fi\u00e9is \u00e0 vida, al\u00e9m de pretos profundos e ricos. Com um brilho t\u00edpico de <strong>1000 nits (pico de 2000 nits ao ar livre)<\/strong>, a visibilidade \u00e9 excelente em todas as condi\u00e7\u00f5es de ilumina\u00e7\u00e3o. Cada ecr\u00e3 tamb\u00e9m integra perfeitamente com o <strong>Funcionalidade da Ilha Din\u00e2mica<\/strong>, mantendo a integridade operacional total.<\/p>\n<p>Global <strong><a href=\"https:\/\/screen-stocks.com\/pt\/iphone-screen\/\">Fornecedor de Ecr\u00e3s de iPhone por Atacado<\/a><\/strong>: Invent\u00e1rio em Massa Pronto para Enviar<\/p>","protected":false},"excerpt":{"rendered":"<p>Fonte de ecr\u00e3s por grosso do iPhone 15 de grau OEM. Com Super Retina XDR, resolu\u00e7\u00e3o de 2556x1179, atualiza\u00e7\u00e3o a 60Hz, cor P3 e controlo de qualidade rigoroso para desempenho m\u00e1ximo.<\/p>","protected":false},"featured_media":34358,"comment_status":"closed","ping_status":"closed","template":"","meta":[],"product_brand":[],"product_cat":[74],"product_tag":[446,454,457,455,456],"class_list":{"0":"post-34387","1":"product","2":"type-product","3":"status-publish","4":"has-post-thumbnail","6":"product_cat-iphone-screen","7":"product_tag-iphone-15-screen-replacement","8":"product_tag-iphone-15-wholesale-screens","9":"product_tag-mobile-repair-screens","10":"product_tag-oem-iphone-15-display","11":"product_tag-super-retina-xdr-parts","13":"first","14":"instock","15":"shipping-taxable","16":"product-type-variable"},"_links":{"self":[{"href":"https:\/\/screen-stocks.com\/pt\/wp-json\/wp\/v2\/product\/34387","targetHints":{"allow":["GET"]}}],"collection":[{"href":"https:\/\/screen-stocks.com\/pt\/wp-json\/wp\/v2\/product"}],"about":[{"href":"https:\/\/screen-stocks.com\/pt\/wp-json\/wp\/v2\/types\/product"}],"replies":[{"embeddable":true,"href":"https:\/\/screen-stocks.com\/pt\/wp-json\/wp\/v2\/comments?post=34387"}],"version-history":[{"count":4,"href":"https:\/\/screen-stocks.com\/pt\/wp-json\/wp\/v2\/product\/34387\/revisions"}],"predecessor-version":[{"id":35276,"href":"https:\/\/screen-stocks.com\/pt\/wp-json\/wp\/v2\/product\/34387\/revisions\/35276"}],"wp:featuredmedia":[{"embeddable":true,"href":"https:\/\/screen-stocks.com\/pt\/wp-json\/wp\/v2\/media\/34358"}],"wp:attachment":[{"href":"https:\/\/screen-stocks.com\/pt\/wp-json\/wp\/v2\/media?parent=34387"}],"wp:term":[{"taxonomy":"product_brand","embeddable":true,"href":"https:\/\/screen-stocks.com\/pt\/wp-json\/wp\/v2\/product_brand?post=34387"},{"taxonomy":"product_cat","embeddable":true,"href":"https:\/\/screen-stocks.com\/pt\/wp-json\/wp\/v2\/product_cat?post=34387"},{"taxonomy":"product_tag","embeddable":true,"href":"https:\/\/screen-stocks.com\/pt\/wp-json\/wp\/v2\/product_tag?post=34387"}],"curies":[{"name":"wp","href":"https:\/\/api.w.org\/{rel}","templated":true}]}}