{"id":34536,"date":"2025-12-03T08:12:15","date_gmt":"2025-12-03T08:12:15","guid":{"rendered":"https:\/\/screen-stocks.com\/"},"modified":"2025-12-03T08:14:43","modified_gmt":"2025-12-03T08:14:43","slug":"premium-samsung-s22-screen-wholesale-optimize-repair-shop-profitability","status":"publish","type":"product","link":"https:\/\/screen-stocks.com\/pt\/premium-samsung-s22-screen-wholesale-optimize-repair-shop-profitability\/","title":{"rendered":"Venda por grosso de ecr\u00e3s Premium Samsung S22+: Otimize a rentabilidade da sua oficina de repara\u00e7\u00f5es"},"content":{"rendered":"<p>Para oficinas de repara\u00e7\u00e3o de dispositivos m\u00f3veis que pretendem maximizar a sua efici\u00eancia e rentabilidade, a nossa <strong>Conjunto OLED Samsung S22+<\/strong> oferece uma solu\u00e7\u00e3o incompar\u00e1vel. Compreendemos que tempo \u00e9 dinheiro, e cada minuto economizado durante uma repara\u00e7\u00e3o contribui diretamente para o seu resultado final. As nossas unidades de ecr\u00e3 S22+ s\u00e3o concebidas para uma integra\u00e7\u00e3o perfeita, garantindo um processo de <strong>f\u00e1cil instala\u00e7\u00e3o<\/strong> que reduz drasticamente o tempo de trabalho dos seus t\u00e9cnicos.<\/p>\n<p>A precis\u00e3o \u00e9 fundamental. Cada <strong>substitui\u00e7\u00e3o de ecr\u00e3 Samsung S22+<\/strong> possui uma <strong>encaixe perfeito do quadro<\/strong>, eliminando a frustrante necessidade de ajustes ou retrabalhos. Este design superior n\u00e3o s\u00f3 acelera a repara\u00e7\u00e3o, como tamb\u00e9m garante uma apar\u00eancia e sensa\u00e7\u00e3o de acabamento de f\u00e1brica, elevando diretamente <strong>satisfa\u00e7\u00e3o do cliente<\/strong>. Ao minimizar as complexidades de instala\u00e7\u00e3o e praticamente eliminar problemas p\u00f3s-repara\u00e7\u00e3o, reduz os custos de devolu\u00e7\u00f5es e liberta tempo valioso dos t\u00e9cnicos para realizar mais repara\u00e7\u00f5es diariamente.<\/p>\n<p>Invista em qualidade que se paga a si mesma. Os nossos ecr\u00e3s Samsung S22+ por atacado permitem que o seu neg\u00f3cio ofere\u00e7a repara\u00e7\u00f5es consistentes e de alta qualidade, com maior rapidez e fiabilidade. Fa\u00e7a parceria connosco para melhorar as suas ofertas de servi\u00e7o, encantar os seus clientes com substitui\u00e7\u00f5es perfeitas e, por fim, impulsionar uma maior rentabilidade para a sua oficina.<\/p>","protected":false},"excerpt":{"rendered":"<p>Conjuntos de ecr\u00e3 OLED de alta qualidade Samsung S22+ para atacado. Garanta encaixes perfeitos, instala\u00e7\u00f5es r\u00e1pidas, m\u00e1xima efici\u00eancia na oficina de repara\u00e7\u00f5es e maior satisfa\u00e7\u00e3o do cliente.<\/p>","protected":false},"featured_media":34526,"comment_status":"closed","ping_status":"closed","template":"","meta":[],"product_brand":[],"product_cat":[187],"product_tag":[536,651,650,649,541],"class_list":{"0":"post-34536","1":"product","2":"type-product","3":"status-publish","4":"has-post-thumbnail","6":"product_cat-samsung-screen","7":"product_tag-mobile-repair-parts-bulk","8":"product_tag-oled-display-assembly","9":"product_tag-s22-screen-replacement","10":"product_tag-samsung-s22-wholesale","11":"product_tag-wholesale-phone-screens","13":"first","14":"instock","15":"shipping-taxable","16":"product-type-simple"},"_links":{"self":[{"href":"https:\/\/screen-stocks.com\/pt\/wp-json\/wp\/v2\/product\/34536","targetHints":{"allow":["GET"]}}],"collection":[{"href":"https:\/\/screen-stocks.com\/pt\/wp-json\/wp\/v2\/product"}],"about":[{"href":"https:\/\/screen-stocks.com\/pt\/wp-json\/wp\/v2\/types\/product"}],"replies":[{"embeddable":true,"href":"https:\/\/screen-stocks.com\/pt\/wp-json\/wp\/v2\/comments?post=34536"}],"version-history":[{"count":2,"href":"https:\/\/screen-stocks.com\/pt\/wp-json\/wp\/v2\/product\/34536\/revisions"}],"predecessor-version":[{"id":34538,"href":"https:\/\/screen-stocks.com\/pt\/wp-json\/wp\/v2\/product\/34536\/revisions\/34538"}],"wp:featuredmedia":[{"embeddable":true,"href":"https:\/\/screen-stocks.com\/pt\/wp-json\/wp\/v2\/media\/34526"}],"wp:attachment":[{"href":"https:\/\/screen-stocks.com\/pt\/wp-json\/wp\/v2\/media?parent=34536"}],"wp:term":[{"taxonomy":"product_brand","embeddable":true,"href":"https:\/\/screen-stocks.com\/pt\/wp-json\/wp\/v2\/product_brand?post=34536"},{"taxonomy":"product_cat","embeddable":true,"href":"https:\/\/screen-stocks.com\/pt\/wp-json\/wp\/v2\/product_cat?post=34536"},{"taxonomy":"product_tag","embeddable":true,"href":"https:\/\/screen-stocks.com\/pt\/wp-json\/wp\/v2\/product_tag?post=34536"}],"curies":[{"name":"wp","href":"https:\/\/api.w.org\/{rel}","templated":true}]}}