{"id":34562,"date":"2025-12-05T07:23:00","date_gmt":"2025-12-05T07:23:00","guid":{"rendered":"https:\/\/screen-stocks.com\/"},"modified":"2025-12-05T07:34:29","modified_gmt":"2025-12-05T07:34:29","slug":"wholesale-samsung-s23-ultra-displays-elite-technical-specifications","status":"publish","type":"product","link":"https:\/\/screen-stocks.com\/pt\/wholesale-samsung-s23-ultra-displays-elite-technical-specifications\/","title":{"rendered":"Displays por grosso do Samsung S23 Ultra: Especifica\u00e7\u00f5es T\u00e9cnicas de Elite"},"content":{"rendered":"<p>Eleve o seu invent\u00e1rio com os nossos pain\u00e9is Samsung premium<strong>\u00a0Pain\u00e9is de Exibi\u00e7\u00e3o S23 Ultra<\/strong>, projetados para atender \u00e0s especifica\u00e7\u00f5es t\u00e9cnicas exatas que os seus clientes exigentes esperam. Os nossos displays por atacado n\u00e3o s\u00e3o meramente substitui\u00e7\u00f5es; s\u00e3o r\u00e9plicas precisas do desempenho do equipamento original, garantindo satisfa\u00e7\u00e3o do cliente e minimizando devolu\u00e7\u00f5es.<\/p>\n<p>Cada <strong>Conjunto OLED<\/strong> oferece um visual deslumbrante <strong>resolu\u00e7\u00e3o QHD+ de 3088 x 1440<\/strong>, proporcionando uma experi\u00eancia visual imersiva com uma densidade de pixels excecional. Experimente uma fluidez incompar\u00e1vel com uma taxa de atualiza\u00e7\u00e3o adapt\u00e1vel <strong>1-120Hz<\/strong>, otimizando dinamicamente o consumo de energia sem comprometer a suavidade visual. Integrados com tecnologia avan\u00e7ada de <strong>Touch IC<\/strong>, estes pain\u00e9is garantem uma lat\u00eancia ultra-baixa e uma resposta precisa, essenciais para uma intera\u00e7\u00e3o premium do utilizador.<\/p>\n<p>Para al\u00e9m da resolu\u00e7\u00e3o e da taxa de atualiza\u00e7\u00e3o, os nossos pain\u00e9is apresentam uma cobertura meticulosamente calibrada do espa\u00e7o de cores <strong>DCI-P3 100%<\/strong> e suporte para HDR10+, reproduzindo bilh\u00f5es de cores com precis\u00e3o not\u00e1vel e contraste vibrante. Com um brilho m\u00e1ximo de 1750 nits, a visibilidade permanece excelente mesmo em condi\u00e7\u00f5es de ilumina\u00e7\u00e3o desafiadoras. Invista em telas por atacado que definem a excel\u00eancia em especifica\u00e7\u00f5es t\u00e9cnicas e desempenho.<\/p>","protected":false},"excerpt":{"rendered":"<p>Garanta pain\u00e9is de exibi\u00e7\u00e3o por grosso do Samsung S23 Ultra com resolu\u00e7\u00e3o QHD+, taxa de atualiza\u00e7\u00e3o adapt\u00e1vel de 120Hz e cor DCI-P3. Especifica\u00e7\u00f5es t\u00e9cnicas superiores para o seu invent\u00e1rio.<\/p>","protected":false},"featured_media":34569,"comment_status":"closed","ping_status":"closed","template":"","meta":[],"product_brand":[],"product_cat":[74],"product_tag":[491,718,716,715,717],"class_list":{"0":"post-34562","1":"product","2":"type-product","3":"status-publish","4":"has-post-thumbnail","6":"product_cat-iphone-screen","7":"product_tag-mobile-phone-screen-supplier","8":"product_tag-qhd-120hz-display","9":"product_tag-s23-ultra-screen-panel-bulk","10":"product_tag-samsung-s23-ultra-display-wholesale","11":"product_tag--s23-ultra-oled-assembly","13":"first","14":"instock","15":"shipping-taxable","16":"product-type-simple"},"_links":{"self":[{"href":"https:\/\/screen-stocks.com\/pt\/wp-json\/wp\/v2\/product\/34562","targetHints":{"allow":["GET"]}}],"collection":[{"href":"https:\/\/screen-stocks.com\/pt\/wp-json\/wp\/v2\/product"}],"about":[{"href":"https:\/\/screen-stocks.com\/pt\/wp-json\/wp\/v2\/types\/product"}],"replies":[{"embeddable":true,"href":"https:\/\/screen-stocks.com\/pt\/wp-json\/wp\/v2\/comments?post=34562"}],"version-history":[{"count":4,"href":"https:\/\/screen-stocks.com\/pt\/wp-json\/wp\/v2\/product\/34562\/revisions"}],"predecessor-version":[{"id":34566,"href":"https:\/\/screen-stocks.com\/pt\/wp-json\/wp\/v2\/product\/34562\/revisions\/34566"}],"wp:featuredmedia":[{"embeddable":true,"href":"https:\/\/screen-stocks.com\/pt\/wp-json\/wp\/v2\/media\/34569"}],"wp:attachment":[{"href":"https:\/\/screen-stocks.com\/pt\/wp-json\/wp\/v2\/media?parent=34562"}],"wp:term":[{"taxonomy":"product_brand","embeddable":true,"href":"https:\/\/screen-stocks.com\/pt\/wp-json\/wp\/v2\/product_brand?post=34562"},{"taxonomy":"product_cat","embeddable":true,"href":"https:\/\/screen-stocks.com\/pt\/wp-json\/wp\/v2\/product_cat?post=34562"},{"taxonomy":"product_tag","embeddable":true,"href":"https:\/\/screen-stocks.com\/pt\/wp-json\/wp\/v2\/product_tag?post=34562"}],"curies":[{"name":"wp","href":"https:\/\/api.w.org\/{rel}","templated":true}]}}