{"id":34587,"date":"2025-12-05T08:12:04","date_gmt":"2025-12-05T08:12:04","guid":{"rendered":"https:\/\/screen-stocks.com\/"},"modified":"2025-12-05T08:12:48","modified_gmt":"2025-12-05T08:12:48","slug":"bulk-samsung-s24-display-assemblies-premium-qhd-120hz-panels","status":"publish","type":"product","link":"https:\/\/screen-stocks.com\/pt\/bulk-samsung-s24-display-assemblies-premium-qhd-120hz-panels\/","title":{"rendered":"Conjuntos de Ecr\u00e3 Samsung S24+ em massa: Pain\u00e9is QHD+ 120Hz premium"},"content":{"rendered":"<p>Como fornecedor grossista l\u00edder de componentes m\u00f3veis premium, temos o prazer de apresentar a nossa substitui\u00e7\u00e3o de alta qualidade <strong>Conjunto de Ecr\u00e3 OLED Samsung S24+<\/strong>. Desenvolvido para cumprir rigorosos padr\u00f5es OEM, esta unidade de ecr\u00e3 oferece desempenho visual e t\u00e1til incompar\u00e1vel, crucial para manter a integridade do dispositivo e a satisfa\u00e7\u00e3o do cliente.<\/p>\n<p>O nosso conjunto S24+ possui uma resolu\u00e7\u00e3o impressionante <strong>QHD+ (3120 x 1440 pixels)<\/strong>, garantindo uma densidade de pixels excecional e uma nitidez cristalina que reproduz as especifica\u00e7\u00f5es originais. Experimente intera\u00e7\u00f5es fluidas com um <strong>1-120Hz<\/strong>, proporcionando navega\u00e7\u00e3o suave e efici\u00eancia energ\u00e9tica otimizada. A tecnologia integrada de alta precis\u00e3o <strong>IC de Toque<\/strong> garante sensibilidade ao toque ultra-responsiva e reconhecimento preciso de multi-toque, eliminando lat\u00eancia e melhorando a intera\u00e7\u00e3o do utilizador.<\/p>\n<p>Al\u00e9m disso, a tecnologia avan\u00e7ada <strong>painel Dynamic AMOLED 2X<\/strong> oferece uma gama de cores expansiva, atingindo a cobertura do espa\u00e7o de cor DCI-P3 para uma reprodu\u00e7\u00e3o de cores vibrante e fiel \u00e0 vida. Com um brilho m\u00e1ximo de at\u00e9 2600 nits, as nossas telas S24+ oferecem visibilidade superior mesmo \u00e0 luz solar direta, proporcionando uma experi\u00eancia de visualiza\u00e7\u00e3o aut\u00eantica e imersiva. Fa\u00e7a parceria connosco para encomendas em grande quantidade de ecr\u00e3s que se destacam em todas as m\u00e9tricas t\u00e9cnicas, garantindo que os seus servi\u00e7os de repara\u00e7\u00e3o e renova\u00e7\u00e3o se destaquem.<\/p>","protected":false},"excerpt":{"rendered":"<p>Fonte de conjuntos de ecr\u00e3 OLED Samsung S24+ por atacado. Recursos de resolu\u00e7\u00e3o QHD+, taxa de atualiza\u00e7\u00e3o de 1-120Hz, Touch IC de alta precis\u00e3o e precis\u00e3o de cores Dynamic AMOLED 2X.<\/p>","protected":false},"featured_media":34568,"comment_status":"closed","ping_status":"closed","template":"","meta":[],"product_brand":[],"product_cat":[20,187],"product_tag":[749,491,748,747,746],"class_list":{"0":"post-34587","1":"product","2":"type-product","3":"status-publish","4":"has-post-thumbnail","6":"product_cat-accessories","7":"product_cat-samsung-screen","8":"product_tag-120hz-refresh-rate-screen","9":"product_tag-mobile-phone-screen-supplier","10":"product_tag-qhd-amoled-s24","11":"product_tag-s24-oled-display-bulk","12":"product_tag-samsung-s24-wholesale-screen","14":"first","15":"instock","16":"shipping-taxable","17":"product-type-simple"},"_links":{"self":[{"href":"https:\/\/screen-stocks.com\/pt\/wp-json\/wp\/v2\/product\/34587","targetHints":{"allow":["GET"]}}],"collection":[{"href":"https:\/\/screen-stocks.com\/pt\/wp-json\/wp\/v2\/product"}],"about":[{"href":"https:\/\/screen-stocks.com\/pt\/wp-json\/wp\/v2\/types\/product"}],"replies":[{"embeddable":true,"href":"https:\/\/screen-stocks.com\/pt\/wp-json\/wp\/v2\/comments?post=34587"}],"version-history":[{"count":2,"href":"https:\/\/screen-stocks.com\/pt\/wp-json\/wp\/v2\/product\/34587\/revisions"}],"predecessor-version":[{"id":34589,"href":"https:\/\/screen-stocks.com\/pt\/wp-json\/wp\/v2\/product\/34587\/revisions\/34589"}],"wp:featuredmedia":[{"embeddable":true,"href":"https:\/\/screen-stocks.com\/pt\/wp-json\/wp\/v2\/media\/34568"}],"wp:attachment":[{"href":"https:\/\/screen-stocks.com\/pt\/wp-json\/wp\/v2\/media?parent=34587"}],"wp:term":[{"taxonomy":"product_brand","embeddable":true,"href":"https:\/\/screen-stocks.com\/pt\/wp-json\/wp\/v2\/product_brand?post=34587"},{"taxonomy":"product_cat","embeddable":true,"href":"https:\/\/screen-stocks.com\/pt\/wp-json\/wp\/v2\/product_cat?post=34587"},{"taxonomy":"product_tag","embeddable":true,"href":"https:\/\/screen-stocks.com\/pt\/wp-json\/wp\/v2\/product_tag?post=34587"}],"curies":[{"name":"wp","href":"https:\/\/api.w.org\/{rel}","templated":true}]}}